{"id":455,"date":"2025-02-07T17:13:39","date_gmt":"2025-02-07T16:13:39","guid":{"rendered":"https:\/\/wp.buchpark.corpex-kunden.de\/?page_id=455"},"modified":"2025-07-18T10:11:05","modified_gmt":"2025-07-18T08:11:05","slug":"buchankauf-bibliotheken","status":"publish","type":"page","link":"https:\/\/buchpark.de\/home\/buchankauf-bibliotheken\/","title":{"rendered":"Buchankauf Bibliotheken"},"content":{"rendered":"<section class=\"bde-section-455-100 bde-section\">\n  \n  \n\t\n\n\n\n<div class=\"section-container\"><div class=\"bde-div-455-101 bde-div\">\n  \n  \n\t\n\n\n\n<div class=\"bde-div-455-102 bde-div\">\n  \n  \n\t\n\n\n\n<div class=\"bde-div-455-103 bde-div\">\n  \n  \n\t\n\n\n\n<div class=\"bde-text-455-104 bde-text\">\nBuchankauf Bibliotheken\n<\/div>\n<\/div><h1 class=\"bde-heading-455-105 bde-heading\">\nBundes&shy;weiter Ankauf von Biblio&shy;theken & Samm&shy;lungen\n<\/h1><div class=\"bde-text-455-106 bde-text\">\nWir von Buchpark kaufen komplette Buchbest\u00e4nde von Bibliotheken und Institutionen aus ganz Deutschland sowie umfangreiche B\u00fcchersammlungen und bieten dazu den kompletten Service von der Ber\u00e4umung Ihrer Regale bis zum Abtransport.<br><br>Gerne erstellen wir Ihnen ein individuelles Angebot f\u00fcr Ihren Gebrauchtbuchbestand. Fragen Sie uns an!\n<\/div><div class=\"bde-button-455-107 bde-button\">\n    \n                                    \n    \n    \n    \n    \n            \n                    \n            \n            \n\n    \n    \n    \n    \n    \n    <a class=\"breakdance-link button-atom button-atom--primary bde-button__button\" href=\"#getInTouch\" target=\"_self\" data-type=\"url\"  >\n\n    \n        <span class=\"button-atom__text\">Jetzt anfragen<\/span>\n\n        \n        \n                <\/a>\n\n    \n\n\n<\/div>\n<\/div><div class=\"bde-div-455-108 bde-div\">\n  \n  \n\t\n\n\n\n<img decoding=\"async\" class=\"bde-image2-455-109 bde-image2\" src=\"https:\/\/buchpark.de\/home\/wp-content\/uploads\/2025\/02\/buchpark-buchankauf-bibliothek.jpg\" alt=\"Eine Hand greift nach einem Buch im Regal\" loading=\"lazy\" srcset=\"https:\/\/buchpark.de\/home\/wp-content\/uploads\/2025\/02\/buchpark-buchankauf-bibliothek.jpg 800w, https:\/\/buchpark.de\/home\/wp-content\/uploads\/2025\/02\/buchpark-buchankauf-bibliothek-200x300.jpg 200w, https:\/\/buchpark.de\/home\/wp-content\/uploads\/2025\/02\/buchpark-buchankauf-bibliothek-683x1024.jpg 683w, https:\/\/buchpark.de\/home\/wp-content\/uploads\/2025\/02\/buchpark-buchankauf-bibliothek-768x1152.jpg 768w\" sizes=\"(max-width: 800px) 100vw, 800px\" data-parallax=\"true\"><div class=\"bde-div-455-110 bde-div\" data-parallax=\"true\">\n  \n  \n\t\n\n\n\n\n<\/div>\n<\/div>\n<\/div><\/div>\n<\/section><section class=\"bde-section-455-111 bde-section\">\n              \n  \n  \n\t\n\n  <div class=\"section-background-overlay\"><\/div>\n\n\n<div class=\"section-container\"><div class=\"bde-div-455-112 bde-div\">\n  \n  \n\t\n\n\n\n<h2 class=\"bde-heading-455-113 bde-heading\">\nLeistungen\n<\/h2>\n<\/div><div class=\"bde-div-455-114 bde-div\">\n  \n  \n\t\n\n\n\n<div class=\"bde-div-455-115 bde-div\">\n  \n  \n\t\n\n\n\n<img decoding=\"async\" class=\"bde-image2-455-116 bde-image2\" src=\"https:\/\/buchpark.de\/home\/wp-content\/uploads\/2025\/02\/books-icon.svg\" alt=\"B\u00fccher Icon\" loading=\"lazy\"><div class=\"bde-text-455-117 bde-text\">\nAushebung der B\u00fccher und B\u00e4nde aus den Magazinregalen\n<\/div>\n<\/div><div class=\"bde-div-455-118 bde-div\">\n  \n  \n\t\n\n\n\n<img decoding=\"async\" class=\"bde-image2-455-119 bde-image2\" src=\"https:\/\/buchpark.de\/home\/wp-content\/uploads\/2025\/02\/verpacken-icon.svg\" alt=\"Verpacken Icon\" loading=\"lazy\"><div class=\"bde-text-455-120 bde-text\">\nStellung des n\u00f6tigen Personals und der n\u00f6tigen Verpackungsmaterialien\n<\/div>\n<\/div><div class=\"bde-div-455-121 bde-div\">\n  \n  \n\t\n\n\n\n<img decoding=\"async\" class=\"bde-image2-455-122 bde-image2\" src=\"https:\/\/buchpark.de\/home\/wp-content\/uploads\/2025\/02\/logistik-icon.svg\" alt=\"Logistik Icon\" loading=\"lazy\"><div class=\"bde-text-455-123 bde-text\">\n\u00dcbernahme der Bewertung und Logistik\n<\/div>\n<\/div><div class=\"bde-div-455-124 bde-div\">\n  \n  \n\t\n\n\n\n<img decoding=\"async\" class=\"bde-image2-455-125 bde-image2\" src=\"https:\/\/buchpark.de\/home\/wp-content\/uploads\/2025\/02\/remove-icon.svg\" alt=\"Entfernen Icon\" loading=\"lazy\"><div class=\"bde-text-455-126 bde-text\">\nggf. Entfernen von RFID-Chips, Signaturschildern und\/oder Zerst\u00f6rung derselben vor dem Weiterverkauf\n<\/div>\n<\/div><div class=\"bde-div-455-144 bde-div\">\n  \n  \n\t\n\n\n\n<img decoding=\"async\" class=\"bde-image2-455-145 bde-image2\" src=\"https:\/\/buchpark.de\/home\/wp-content\/uploads\/2025\/02\/label-icon.svg\" alt=\"Label Icon\" loading=\"lazy\"><div class=\"bde-text-455-146 bde-text\">\nAnbringung einer Kennzeichnung \u201causgesondert\u201d \u00fcber einen Stempel vor dem Weiterverkauf der B\u00e4nder\n<\/div>\n<\/div>\n<\/div><\/div>\n<\/section><section id=\"getInTouch\" class=\"bde-section-455-127 bde-section\">\n  \n  \n\t\n\n\n\n<div class=\"section-container\"><div class=\"bde-div-455-128 bde-div\" data-parallax=\"true\">\n  \n  \n\t\n\n\n\n<div class=\"bde-div-455-129 bde-div\">\n  \n  \n\t\n\n\n\n<div class=\"bde-div-455-130 bde-div\">\n  \n  \n\t\n\n\n\n<div class=\"bde-text-455-131 bde-text\">\nKontakt\n<\/div>\n<\/div><h2 class=\"bde-heading-455-132 bde-heading\">\nSchaffen Sie Platz in Ihren Regalen\n<\/h2>\n<\/div><div class=\"bde-div-455-133 bde-div\">\n  \n  \n\t\n\n\n\n<div class=\"bde-form-builder-455-134 bde-form-builder\">\n\n\n<form id=\"anfrage-ankauf-bibliothek134\" class=\"breakdance-form breakdance-form--vertical\" data-options=\"{&quot;slug&quot;:&quot;custom&quot;,&quot;name&quot;:&quot;Anfrage Ankauf Bibliothek&quot;,&quot;ajaxUrl&quot;:&quot;https:\\\/\\\/buchpark.de\\\/home\\\/wp-admin\\\/admin-ajax.php&quot;,&quot;clearOnSuccess&quot;:true,&quot;hideOnSuccess&quot;:false,&quot;successMessage&quot;:&quot;Vielen Dank, Ihre Nachricht wurde erfolgreich gesendet!&quot;,&quot;errorMessage&quot;:&quot;Leider lief etwas schief. Bitte versuchen Sie es sp\\u00e4ter erneut.&quot;,&quot;redirect&quot;:false,&quot;redirectUrl&quot;:&quot;&quot;,&quot;customJavaScript&quot;:&quot;&quot;,&quot;recaptcha&quot;:{&quot;key&quot;:&quot;&quot;,&quot;enabled&quot;:false},&quot;honeypot_enabled&quot;:false,&quot;popupsOnSuccess&quot;:[],&quot;popupsOnError&quot;:[]}\" data-steps=\"0\" >\n  \n  \n  \n<div class=\"breakdance-form-field breakdance-form-field--text breakdance-form-field__hide-label\" >\n    \n    \n            <label class=\"breakdance-form-field__label\" for=\"name\">\n            Name<span class=\"breakdance-form-field__required\">*<\/span>\n        <\/label>\n    \n    <input\n    class=\"breakdance-form-field__input\"\n    id=\"name\"\n    aria-describedby=\"name\"\n    type=\"text\"\n    name=\"fields[name]\"\n    placeholder=\"Name *\"\n    value=\"\"\n                \n        \n        \n    required\n    \n    \n>\n\n\n    \n    \n<\/div>\n\n\n<div class=\"breakdance-form-field breakdance-form-field--email breakdance-form-field__hide-label\" >\n    \n    \n            <label class=\"breakdance-form-field__label\" for=\"email\">\n            Email<span class=\"breakdance-form-field__required\">*<\/span>\n        <\/label>\n    \n    <input\n    class=\"breakdance-form-field__input\"\n    id=\"email\"\n    aria-describedby=\"email\"\n    type=\"email\"\n    name=\"fields[email]\"\n    placeholder=\"E-Mail *\"\n    value=\"\"\n                \n        \n        \n    required\n    \n    \n>\n\n\n    \n    \n<\/div>\n\n\n<div class=\"breakdance-form-field breakdance-form-field--text breakdance-form-field__hide-label\" >\n    \n    \n            <label class=\"breakdance-form-field__label\" for=\"qivwzr\">\n            Alter<span class=\"breakdance-form-field__required\">*<\/span>\n        <\/label>\n    \n    <input\n    class=\"breakdance-form-field__input\"\n    id=\"qivwzr\"\n    aria-describedby=\"qivwzr\"\n    type=\"text\"\n    name=\"fields[qivwzr]\"\n    placeholder=\"Aus welchen Jahren stammen die B\u00fccher haupts\u00e4chlich? *\"\n    value=\"\"\n                \n        \n        \n    required\n    \n    \n>\n\n\n    \n    \n<\/div>\n\n\n<div class=\"breakdance-form-field breakdance-form-field--text breakdance-form-field__hide-label\" >\n    \n    \n            <label class=\"breakdance-form-field__label\" for=\"vyjevx\">\n            Welche B\u00fccher<span class=\"breakdance-form-field__required\">*<\/span>\n        <\/label>\n    \n    <input\n    class=\"breakdance-form-field__input\"\n    id=\"vyjevx\"\n    aria-describedby=\"vyjevx\"\n    type=\"text\"\n    name=\"fields[vyjevx]\"\n    placeholder=\"Wie viele B\u00fccher m\u00f6chten Sie in etwa verkaufen? *\"\n    value=\"\"\n                \n        \n        \n    required\n    \n    \n>\n\n\n    \n    \n<\/div>\n\n\n<div class=\"breakdance-form-field breakdance-form-field--text breakdance-form-field__hide-label\" >\n    \n    \n            <label class=\"breakdance-form-field__label\" for=\"rbhxzo\">\n            Anteil B\u00fccher<span class=\"breakdance-form-field__required\">*<\/span>\n        <\/label>\n    \n    <input\n    class=\"breakdance-form-field__input\"\n    id=\"rbhxzo\"\n    aria-describedby=\"rbhxzo\"\n    type=\"text\"\n    name=\"fields[rbhxzo]\"\n    placeholder=\"Wie hoch ca. ist der Anteil an B\u00fcchern ohne ISBN- Nummer? *\"\n    value=\"\"\n                \n        \n        \n    required\n    \n    \n>\n\n\n    \n    \n<\/div>\n\n\n<div class=\"breakdance-form-field breakdance-form-field--text breakdance-form-field__hide-label\" >\n    \n    \n            <label class=\"breakdance-form-field__label\" for=\"cxhoky\">\n            Art Literatur<span class=\"breakdance-form-field__required\">*<\/span>\n        <\/label>\n    \n    <input\n    class=\"breakdance-form-field__input\"\n    id=\"cxhoky\"\n    aria-describedby=\"cxhoky\"\n    type=\"text\"\n    name=\"fields[cxhoky]\"\n    placeholder=\"Welche Art von Literatur m\u00f6chten Sie \u00fcberwiegend anbieten? *\"\n    value=\"\"\n                \n        \n        \n    required\n    \n    \n>\n\n\n    \n    \n<\/div>\n\n\n<div class=\"breakdance-form-field breakdance-form-field--text breakdance-form-field__hide-label\" >\n    \n    \n            <label class=\"breakdance-form-field__label\" for=\"irmhoz\">\n            Quelle B\u00fccher<span class=\"breakdance-form-field__required\">*<\/span>\n        <\/label>\n    \n    <input\n    class=\"breakdance-form-field__input\"\n    id=\"irmhoz\"\n    aria-describedby=\"irmhoz\"\n    type=\"text\"\n    name=\"fields[irmhoz]\"\n    placeholder=\"Aus welcher Quelle stammen die B\u00fccher? (z.B. Wohnungsaufl\u00f6sung) *\"\n    value=\"\"\n                \n        \n        \n    required\n    \n    \n>\n\n\n    \n    \n<\/div>\n\n\n<div class=\"breakdance-form-field breakdance-form-field--text breakdance-form-field__hide-label\" >\n    \n    \n            <label class=\"breakdance-form-field__label\" for=\"ezmngx\">\n            Handel<span class=\"breakdance-form-field__required\">*<\/span>\n        <\/label>\n    \n    <input\n    class=\"breakdance-form-field__input\"\n    id=\"ezmngx\"\n    aria-describedby=\"ezmngx\"\n    type=\"text\"\n    name=\"fields[ezmngx]\"\n    placeholder=\"Handeln Sie regelm\u00e4\u00dfig mit B\u00fcchern? *\"\n    value=\"\"\n                \n        \n        \n    required\n    \n    \n>\n\n\n    \n    \n<\/div>\n\n\n<div class=\"breakdance-form-field breakdance-form-field--textarea breakdance-form-field__hide-label\" >\n    \n    \n            <label class=\"breakdance-form-field__label\" for=\"message\">\n            Nachricht<span class=\"breakdance-form-field__required\">*<\/span>\n        <\/label>\n    \n    <textarea\n    class=\"breakdance-form-field__input\"\n    id=\"message\"\n    aria-describedby=\"message\"\n    type=\"textarea\"\n    name=\"fields[message]\"\n        placeholder=\"Nachricht *\"\n    required\n    >\n<\/textarea>\n\n\n    \n    \n<\/div>\n\n\n<div class=\"breakdance-form-field breakdance-form-field--checkbox breakdance-form-field__hide-label\" >\n    \n    \n    \n    <fieldset role=\"group\"\n    aria-label=\"Datenschutz\"\n    >\n       <legend class=\"breakdance-form-field__label\">Datenschutz<span class=\"breakdance-form-field__required\">*<\/span><\/legend>\n          <div class=\"breakdance-form-checkbox\">\n          <input\n              type=\"checkbox\"\n              name=\"fields[jyqjjv]\"\n              value=\"Ich habe die &lt;a href=&quot;#&quot;&gt;Datenschutzerkl\u00e4rung&lt;\/a&gt; gelesen und bin mit der Verarbeitung meiner Daten einverstanden.\"\n              id=\"jyqjjv-1\"\n              \n                        >\n          <label class=\"breakdance-form-checkbox__text\" for=\"jyqjjv-1\">Ich habe die <a href=\"#\">Datenschutzerkl\u00e4rung<\/a> gelesen und bin mit der Verarbeitung meiner Daten einverstanden.<\/label>\n      <\/div>\n  <\/fieldset>\n\n\n\n    \n    \n<\/div>\n\n\n<div class=\"breakdance-form-field breakdance-form-field--file\" >\n    \n    \n            <label class=\"breakdance-form-field__label\" for=\"ezodef\">\n            Foto einer Ihrer B\u00fccherw\u00e4nde oder ein Buchregal. Wichtig, Buchr\u00fccken muss erkennbar sein\n        <\/label>\n    \n    <label for=\"ezodef\" class=\"breakdance-form-file-upload\">\n\n            \n                                    \n    \n    \n    \n    \n            \n            <button type=\"button\" class=\"button-atom button-atom--secondary breakdance-form-file-upload__button\"  >\n    \n        <span class=\"button-atom__text\">Choose File<\/span>\n\n        \n        \n            <\/button>\n    \n        <span class=\"breakdance-form-file-upload__text\">\n            No file chosen\n        <\/span>\n    \n    <input\n        id=\"ezodef\"\n        name=\"fields[ezodef][]\"\n        type=\"file\"\n        class=\"breakdance-form-file-upload__input\"\n        accept=\"\"\n        \n        \n                data-max-files=\"\"\n        data-i18n-empty-text=\"No file chosen\"\n        data-i18n-filled-text=\"%n files\"\n        data-i18n-error-text=\"Only %n file(s) allowed.\"\n    >\n<\/label>\n\n\n\n    \n    \n<\/div>\n\n\n  \n\n<div class=\"breakdance-form-field breakdance-form-footer\">\n    \n    \n                                    \n    \n    \n    \n    \n            \n            <button type=\"submit\" class=\"button-atom button-atom--primary breakdance-form-button breakdance-form-button__submit\"  >\n    \n        <span class=\"button-atom__text\">Nachricht senden<\/span>\n\n        \n        \n            <\/button>\n    \n    <input type=\"hidden\" name=\"form_id\" value=\"134\">\n    <input type=\"hidden\" name=\"post_id\" value=\"455\">\n<\/div>\n\n  \n<\/form>\n\n\n\n<\/div>\n<\/div>\n<\/div><\/div>\n<\/section><section class=\"bde-section-455-135 bde-section\">\n  \n  \n\t\n\n\n\n<div class=\"section-container\"><div class=\"bde-div-455-136 bde-div\">\n  \n  \n\t\n\n\n\n<div class=\"bde-div-455-137 bde-div\">\n  \n  \n\t\n\n\n\n<h2 class=\"bde-heading-455-138 bde-heading\">\nDrop&shy;shipment und Ware&shy;housing\n<\/h2><div class=\"bde-text-455-139 bde-text\">\nWir verstehen den Onlinehandel mit gebrauchten B\u00fcchern und dessen Besonderheiten.<br><br>Wir von Buchpark sind seit vielen Jahren erfolgreich in den Bereichen Buchhandel und Logistik t\u00e4tig. Vom Berliner Umland aus erbringen wir t\u00e4glich unsere Versand- und Servicedienstleistungen f\u00fcr den Online-Buchhandel.\n<\/div><div class=\"bde-button-455-140 bde-button\">\n    \n                                    \n    \n    \n    \n    \n            \n                    \n            \n            \n\n    \n    \n    \n    \n    \n    <a class=\"breakdance-link button-atom button-atom--custom bde-button__button\" href=\"https:\/\/buchpark.de\/home\/?page_id=122\" target=\"_self\" data-type=\"url\"  >\n\n    \n        <span class=\"button-atom__text\">Mehr erfahren<\/span>\n\n        \n        \n                <\/a>\n\n    \n\n\n<\/div>\n<\/div><div class=\"bde-div-455-141 bde-div\">\n  \n  \n\t\n\n\n\n<div class=\"bde-div-455-142 bde-div\">\n  \n  \n\t\n\n\n\n<img decoding=\"async\" class=\"bde-image2-455-143 bde-image2\" src=\"https:\/\/buchpark.de\/home\/wp-content\/uploads\/2025\/02\/fulfillment-icon.svg\" alt=\"Fulfillment Icon\" loading=\"lazy\">\n<\/div>\n<\/div>\n<\/div><\/div>\n<\/section>","protected":false},"excerpt":{"rendered":"<p>Buchankauf Bibliotheken Bundes&shy;weiter Ankauf von Biblio&shy;theken &#038; Samm&shy;lungen Wir von Buchpark kaufen komplette Buchbest\u00e4nde von Bibliotheken und Institutionen aus ganz Deutschland sowie umfangreiche B\u00fcchersammlungen und bieten dazu den kompletten Service von der Ber\u00e4umung Ihrer Regale bis zum Abtransport.Gerne erstellen wir Ihnen ein individuelles Angebot f\u00fcr Ihren Gebrauchtbuchbestand. Fragen Sie uns an! Jetzt anfragen Leistungen Aushebung [&hellip;]<\/p>\n","protected":false},"author":2,"featured_media":0,"parent":0,"menu_order":0,"comment_status":"closed","ping_status":"closed","template":"","meta":{"_breakdance_hide_in_design_set":false,"_breakdance_tags":"","iawp_total_views":1021,"footnotes":""},"class_list":["post-455","page","type-page","status-publish","hentry"],"yoast_head":"<!-- This site is optimized with the Yoast SEO plugin v25.0 - https:\/\/yoast.com\/wordpress\/plugins\/seo\/ -->\n<title>Buchankauf f\u00fcr Bibliotheken | Ankauf von Fachb\u00fcchern - Buchpark<\/title>\n<meta name=\"description\" content=\"Wir kaufen Bibliotheksbest\u00e4nde an: Fachb\u00fccher, wissenschaftliche Literatur &amp; mehr. Einfacher Ankauf-Prozess f\u00fcr Bibliotheken, Institute &amp; \u00f6ffentliche Einrichtungen.\" \/>\n<meta name=\"robots\" content=\"index, follow, max-snippet:-1, max-image-preview:large, max-video-preview:-1\" \/>\n<link rel=\"canonical\" href=\"https:\/\/buchpark.de\/home\/buchankauf-bibliotheken\/\" \/>\n<meta property=\"og:locale\" content=\"de_DE\" \/>\n<meta property=\"og:type\" content=\"article\" \/>\n<meta property=\"og:title\" content=\"Buchankauf f\u00fcr Bibliotheken | Ankauf von Fachb\u00fcchern - Buchpark\" \/>\n<meta property=\"og:description\" content=\"Wir kaufen Bibliotheksbest\u00e4nde an: Fachb\u00fccher, wissenschaftliche Literatur &amp; mehr. Einfacher Ankauf-Prozess f\u00fcr Bibliotheken, Institute &amp; \u00f6ffentliche Einrichtungen.\" \/>\n<meta property=\"og:url\" content=\"https:\/\/buchpark.de\/home\/buchankauf-bibliotheken\/\" \/>\n<meta property=\"og:site_name\" content=\"Buchpark B2B\" \/>\n<meta property=\"article:publisher\" content=\"https:\/\/www.facebook.com\/p\/Buchpark-100090825957190\/\" \/>\n<meta property=\"article:modified_time\" content=\"2025-07-18T08:11:05+00:00\" \/>\n<meta name=\"twitter:card\" content=\"summary_large_image\" \/>\n<meta name=\"twitter:label1\" content=\"Gesch\u00e4tzte Lesezeit\" \/>\n\t<meta name=\"twitter:data1\" content=\"3\u00a0Minuten\" \/>\n<script type=\"application\/ld+json\" class=\"yoast-schema-graph\">{\"@context\":\"https:\/\/schema.org\",\"@graph\":[{\"@type\":\"WebPage\",\"@id\":\"https:\/\/buchpark.de\/home\/buchankauf-bibliotheken\/\",\"url\":\"https:\/\/buchpark.de\/home\/buchankauf-bibliotheken\/\",\"name\":\"Buchankauf f\u00fcr Bibliotheken | Ankauf von Fachb\u00fcchern - Buchpark\",\"isPartOf\":{\"@id\":\"https:\/\/buchpark.de\/home\/#website\"},\"datePublished\":\"2025-02-07T16:13:39+00:00\",\"dateModified\":\"2025-07-18T08:11:05+00:00\",\"description\":\"Wir kaufen Bibliotheksbest\u00e4nde an: Fachb\u00fccher, wissenschaftliche Literatur & mehr. Einfacher Ankauf-Prozess f\u00fcr Bibliotheken, Institute & \u00f6ffentliche Einrichtungen.\",\"breadcrumb\":{\"@id\":\"https:\/\/buchpark.de\/home\/buchankauf-bibliotheken\/#breadcrumb\"},\"inLanguage\":\"de\",\"potentialAction\":[{\"@type\":\"ReadAction\",\"target\":[\"https:\/\/buchpark.de\/home\/buchankauf-bibliotheken\/\"]}]},{\"@type\":\"BreadcrumbList\",\"@id\":\"https:\/\/buchpark.de\/home\/buchankauf-bibliotheken\/#breadcrumb\",\"itemListElement\":[{\"@type\":\"ListItem\",\"position\":1,\"name\":\"Startseite\",\"item\":\"https:\/\/buchpark.de\/home\/\"},{\"@type\":\"ListItem\",\"position\":2,\"name\":\"Buchankauf Bibliotheken\"}]},{\"@type\":\"WebSite\",\"@id\":\"https:\/\/buchpark.de\/home\/#website\",\"url\":\"https:\/\/buchpark.de\/home\/\",\"name\":\"Buchpark B2B\",\"description\":\"Gebrauchte B\u00fccher online kaufen und verkaufen\",\"publisher\":{\"@id\":\"https:\/\/buchpark.de\/home\/#organization\"},\"potentialAction\":[{\"@type\":\"SearchAction\",\"target\":{\"@type\":\"EntryPoint\",\"urlTemplate\":\"https:\/\/buchpark.de\/home\/?s={search_term_string}\"},\"query-input\":{\"@type\":\"PropertyValueSpecification\",\"valueRequired\":true,\"valueName\":\"search_term_string\"}}],\"inLanguage\":\"de\"},{\"@type\":\"Organization\",\"@id\":\"https:\/\/buchpark.de\/home\/#organization\",\"name\":\"Buchpark GmbH\",\"url\":\"https:\/\/buchpark.de\/home\/\",\"logo\":{\"@type\":\"ImageObject\",\"inLanguage\":\"de\",\"@id\":\"https:\/\/buchpark.de\/home\/#\/schema\/logo\/image\/\",\"url\":\"https:\/\/buchpark.de\/home\/wp-content\/uploads\/2025\/02\/logo.svg\",\"contentUrl\":\"https:\/\/buchpark.de\/home\/wp-content\/uploads\/2025\/02\/logo.svg\",\"width\":1,\"height\":1,\"caption\":\"Buchpark GmbH\"},\"image\":{\"@id\":\"https:\/\/buchpark.de\/home\/#\/schema\/logo\/image\/\"},\"sameAs\":[\"https:\/\/www.facebook.com\/p\/Buchpark-100090825957190\/\",\"https:\/\/www.instagram.com\/buchpark.de\/\",\"https:\/\/www.linkedin.com\/company\/buchpark\/\"]}]}<\/script>\n<!-- \/ Yoast SEO plugin. -->","yoast_head_json":{"title":"Buchankauf f\u00fcr Bibliotheken | Ankauf von Fachb\u00fcchern - Buchpark","description":"Wir kaufen Bibliotheksbest\u00e4nde an: Fachb\u00fccher, wissenschaftliche Literatur & mehr. Einfacher Ankauf-Prozess f\u00fcr Bibliotheken, Institute & \u00f6ffentliche Einrichtungen.","robots":{"index":"index","follow":"follow","max-snippet":"max-snippet:-1","max-image-preview":"max-image-preview:large","max-video-preview":"max-video-preview:-1"},"canonical":"https:\/\/buchpark.de\/home\/buchankauf-bibliotheken\/","og_locale":"de_DE","og_type":"article","og_title":"Buchankauf f\u00fcr Bibliotheken | Ankauf von Fachb\u00fcchern - Buchpark","og_description":"Wir kaufen Bibliotheksbest\u00e4nde an: Fachb\u00fccher, wissenschaftliche Literatur & mehr. Einfacher Ankauf-Prozess f\u00fcr Bibliotheken, Institute & \u00f6ffentliche Einrichtungen.","og_url":"https:\/\/buchpark.de\/home\/buchankauf-bibliotheken\/","og_site_name":"Buchpark B2B","article_publisher":"https:\/\/www.facebook.com\/p\/Buchpark-100090825957190\/","article_modified_time":"2025-07-18T08:11:05+00:00","twitter_card":"summary_large_image","twitter_misc":{"Gesch\u00e4tzte Lesezeit":"3\u00a0Minuten"},"schema":{"@context":"https:\/\/schema.org","@graph":[{"@type":"WebPage","@id":"https:\/\/buchpark.de\/home\/buchankauf-bibliotheken\/","url":"https:\/\/buchpark.de\/home\/buchankauf-bibliotheken\/","name":"Buchankauf f\u00fcr Bibliotheken | Ankauf von Fachb\u00fcchern - Buchpark","isPartOf":{"@id":"https:\/\/buchpark.de\/home\/#website"},"datePublished":"2025-02-07T16:13:39+00:00","dateModified":"2025-07-18T08:11:05+00:00","description":"Wir kaufen Bibliotheksbest\u00e4nde an: Fachb\u00fccher, wissenschaftliche Literatur & mehr. Einfacher Ankauf-Prozess f\u00fcr Bibliotheken, Institute & \u00f6ffentliche Einrichtungen.","breadcrumb":{"@id":"https:\/\/buchpark.de\/home\/buchankauf-bibliotheken\/#breadcrumb"},"inLanguage":"de","potentialAction":[{"@type":"ReadAction","target":["https:\/\/buchpark.de\/home\/buchankauf-bibliotheken\/"]}]},{"@type":"BreadcrumbList","@id":"https:\/\/buchpark.de\/home\/buchankauf-bibliotheken\/#breadcrumb","itemListElement":[{"@type":"ListItem","position":1,"name":"Startseite","item":"https:\/\/buchpark.de\/home\/"},{"@type":"ListItem","position":2,"name":"Buchankauf Bibliotheken"}]},{"@type":"WebSite","@id":"https:\/\/buchpark.de\/home\/#website","url":"https:\/\/buchpark.de\/home\/","name":"Buchpark B2B","description":"Gebrauchte B\u00fccher online kaufen und verkaufen","publisher":{"@id":"https:\/\/buchpark.de\/home\/#organization"},"potentialAction":[{"@type":"SearchAction","target":{"@type":"EntryPoint","urlTemplate":"https:\/\/buchpark.de\/home\/?s={search_term_string}"},"query-input":{"@type":"PropertyValueSpecification","valueRequired":true,"valueName":"search_term_string"}}],"inLanguage":"de"},{"@type":"Organization","@id":"https:\/\/buchpark.de\/home\/#organization","name":"Buchpark GmbH","url":"https:\/\/buchpark.de\/home\/","logo":{"@type":"ImageObject","inLanguage":"de","@id":"https:\/\/buchpark.de\/home\/#\/schema\/logo\/image\/","url":"https:\/\/buchpark.de\/home\/wp-content\/uploads\/2025\/02\/logo.svg","contentUrl":"https:\/\/buchpark.de\/home\/wp-content\/uploads\/2025\/02\/logo.svg","width":1,"height":1,"caption":"Buchpark GmbH"},"image":{"@id":"https:\/\/buchpark.de\/home\/#\/schema\/logo\/image\/"},"sameAs":["https:\/\/www.facebook.com\/p\/Buchpark-100090825957190\/","https:\/\/www.instagram.com\/buchpark.de\/","https:\/\/www.linkedin.com\/company\/buchpark\/"]}]}},"_links":{"self":[{"href":"https:\/\/buchpark.de\/home\/wp-json\/wp\/v2\/pages\/455","targetHints":{"allow":["GET"]}}],"collection":[{"href":"https:\/\/buchpark.de\/home\/wp-json\/wp\/v2\/pages"}],"about":[{"href":"https:\/\/buchpark.de\/home\/wp-json\/wp\/v2\/types\/page"}],"author":[{"embeddable":true,"href":"https:\/\/buchpark.de\/home\/wp-json\/wp\/v2\/users\/2"}],"replies":[{"embeddable":true,"href":"https:\/\/buchpark.de\/home\/wp-json\/wp\/v2\/comments?post=455"}],"version-history":[{"count":20,"href":"https:\/\/buchpark.de\/home\/wp-json\/wp\/v2\/pages\/455\/revisions"}],"predecessor-version":[{"id":582,"href":"https:\/\/buchpark.de\/home\/wp-json\/wp\/v2\/pages\/455\/revisions\/582"}],"wp:attachment":[{"href":"https:\/\/buchpark.de\/home\/wp-json\/wp\/v2\/media?parent=455"}],"curies":[{"name":"wp","href":"https:\/\/api.w.org\/{rel}","templated":true}]}}