{"id":124,"date":"2025-02-06T10:57:25","date_gmt":"2025-02-06T09:57:25","guid":{"rendered":"https:\/\/wp.buchpark.corpex-kunden.de\/?page_id=124"},"modified":"2025-09-02T16:47:18","modified_gmt":"2025-09-02T14:47:18","slug":"kontakt","status":"publish","type":"page","link":"https:\/\/buchpark.de\/home\/kontakt\/","title":{"rendered":"Kontakt"},"content":{"rendered":"<section class=\"bde-section-124-100 bde-section\">\n  \n  \n\t\n\n\n\n<div class=\"section-container\"><div class=\"bde-div-124-101 bde-div\">\n  \n  \n\t\n\n\n\n<div class=\"bde-div-124-102 bde-div\" data-parallax=\"true\">\n  \n  \n\t\n\n\n\n<div class=\"bde-div-124-103 bde-div\">\n  \n  \n\t\n\n\n\n<div class=\"bde-div-124-104 bde-div\">\n  \n  \n\t\n\n\n\n<div class=\"bde-text-124-105 bde-text\">\nBuchankauf\n<\/div>\n<\/div><h1 class=\"bde-heading-124-106 bde-heading\">\nDer zweite Fr\u00fchling <br>f\u00fcr Ihre B\u00fccher\n<\/h1>\n<\/div><div class=\"bde-div-124-111 bde-div\">\n  \n  \n\t\n\n\n\n<a class=\"bde-container-link-124-125 bde-container-link breakdance-link\" href=\"https:\/\/www.google.com\/maps\/dir\/52.4288,12.5435904\/buchpark\/@52.3028732,12.3734511,9z\/data=!3m1!4b1!4m9!4m8!1m1!4e1!1m5!1m1!1s0x47a8658950b6516b:0x4bf84af7e1195090!2m2!1d13.2369611!2d52.1880738\" target=\"_blank\" data-type=\"url\">\n  \n  \n\t\n\n\n\n<div class=\"bde-div-124-112 bde-div\">\n  \n  \n\t\n\n\n\n<div class=\"bde-div-124-117 bde-div\">\n  \n  \n\t\n\n\n\n<div class=\"bde-icon-124-118 bde-icon\">\n\n    \n            <div class=\"bde-icon-icon breakdance-icon-atom\" >\n    \n                    <svg xmlns=\"http:\/\/www.w3.org\/2000\/svg\" viewBox=\"0 0 320 512\"><!--! Font Awesome Free 6.5.1 by @fontawesome - https:\/\/fontawesome.com License - https:\/\/fontawesome.com\/license\/free (Icons: CC BY 4.0, Fonts: SIL OFL 1.1, Code: MIT License) Copyright 2023 Fonticons, Inc. --><path d=\"M16 144a144 144 0 1 1 288 0A144 144 0 1 1 16 144zM160 80c8.8 0 16-7.2 16-16s-7.2-16-16-16c-53 0-96 43-96 96c0 8.8 7.2 16 16 16s16-7.2 16-16c0-35.3 28.7-64 64-64zM128 480V317.1c10.4 1.9 21.1 2.9 32 2.9s21.6-1 32-2.9V480c0 17.7-14.3 32-32 32s-32-14.3-32-32z\"\/><\/svg>\n        \n        \n        \n            <\/div>\n    \n\n\n<\/div>\n<\/div><div class=\"bde-div-124-116 bde-div\">\n  \n  \n\t\n\n\n\n<div class=\"bde-text-124-114 bde-text\">\nStandort Trebbin\n<\/div><div class=\"bde-text-124-115 bde-text\">\nKr\u00fcgerweg 1 | 14959 Trebbin\n<\/div>\n<\/div>\n<\/div>\n\n<\/a><a class=\"bde-container-link-124-126 bde-container-link breakdance-link\" href=\"https:\/\/www.google.de\/maps\/place\/Buchenweg+1,+14778+Beetzsee\/@52.4509238,12.5336546,911m\/data=!3m2!1e3!4b1!4m6!3m5!1s0x47a8c1440bfdd2c7:0x40ff204f4ca9ffd9!8m2!3d52.4509206!4d12.5362295!16s%2Fg%2F11c4lmt88y?entry=ttu&amp;g_ep=EgoyMDI1MDIwNS4wIKXMDSoASAFQAw%3D%3D\" target=\"_blank\" data-type=\"url\">\n  \n  \n\t\n\n\n\n<div class=\"bde-div-124-119 bde-div\">\n  \n  \n\t\n\n\n\n<div class=\"bde-div-124-120 bde-div\">\n  \n  \n\t\n\n\n\n<div class=\"bde-icon-124-121 bde-icon\">\n\n    \n            <div class=\"bde-icon-icon breakdance-icon-atom\" >\n    \n                    <svg xmlns=\"http:\/\/www.w3.org\/2000\/svg\" viewBox=\"0 0 320 512\"><!--! Font Awesome Free 6.5.1 by @fontawesome - https:\/\/fontawesome.com License - https:\/\/fontawesome.com\/license\/free (Icons: CC BY 4.0, Fonts: SIL OFL 1.1, Code: MIT License) Copyright 2023 Fonticons, Inc. --><path d=\"M16 144a144 144 0 1 1 288 0A144 144 0 1 1 16 144zM160 80c8.8 0 16-7.2 16-16s-7.2-16-16-16c-53 0-96 43-96 96c0 8.8 7.2 16 16 16s16-7.2 16-16c0-35.3 28.7-64 64-64zM128 480V317.1c10.4 1.9 21.1 2.9 32 2.9s21.6-1 32-2.9V480c0 17.7-14.3 32-32 32s-32-14.3-32-32z\"\/><\/svg>\n        \n        \n        \n            <\/div>\n    \n\n\n<\/div>\n<\/div><div class=\"bde-div-124-122 bde-div\">\n  \n  \n\t\n\n\n\n<div class=\"bde-text-124-123 bde-text\">\nStandort Brielow\n<\/div><div class=\"bde-text-124-124 bde-text\">\nBuchenweg 1 | 14778 Brielow\n<\/div>\n<\/div>\n<\/div>\n\n<\/a>\n<\/div>\n<\/div><div class=\"bde-div-124-107 bde-div\">\n  \n  \n\t\n\n\n\n<div class=\"bde-form-builder-124-110 bde-form-builder\">\n\n\n<form id=\"kontaktanfrage110\" class=\"breakdance-form breakdance-form--vertical\" data-options=\"{&quot;slug&quot;:&quot;custom&quot;,&quot;name&quot;:&quot;Kontaktanfrage&quot;,&quot;ajaxUrl&quot;:&quot;https:\\\/\\\/buchpark.de\\\/home\\\/wp-admin\\\/admin-ajax.php&quot;,&quot;clearOnSuccess&quot;:true,&quot;hideOnSuccess&quot;:false,&quot;successMessage&quot;:&quot;Vielen Dank, Ihre Nachricht wurde erfolgreich gesendet!&quot;,&quot;errorMessage&quot;:&quot;Leider lief etwas schief. Bitte versuchen Sie es zu einem sp\\u00e4teren Zeitpunkt erneut.&quot;,&quot;redirect&quot;:false,&quot;redirectUrl&quot;:&quot;&quot;,&quot;customJavaScript&quot;:&quot;&quot;,&quot;recaptcha&quot;:{&quot;key&quot;:&quot;&quot;,&quot;enabled&quot;:false},&quot;honeypot_enabled&quot;:false,&quot;popupsOnSuccess&quot;:[],&quot;popupsOnError&quot;:[]}\" data-steps=\"0\" >\n  \n  \n  \n<div class=\"breakdance-form-field breakdance-form-field--text breakdance-form-field__hide-label\" >\n    \n    \n            <label class=\"breakdance-form-field__label\" for=\"name\">\n            Name<span class=\"breakdance-form-field__required\">*<\/span>\n        <\/label>\n    \n    <input\n    class=\"breakdance-form-field__input\"\n    id=\"name\"\n    aria-describedby=\"name\"\n    type=\"text\"\n    name=\"fields[name]\"\n    placeholder=\"Name *\"\n    value=\"\"\n                \n        \n        \n    required\n    \n    \n>\n\n\n    \n    \n<\/div>\n\n\n<div class=\"breakdance-form-field breakdance-form-field--email breakdance-form-field__hide-label\" >\n    \n    \n            <label class=\"breakdance-form-field__label\" for=\"email\">\n            Email<span class=\"breakdance-form-field__required\">*<\/span>\n        <\/label>\n    \n    <input\n    class=\"breakdance-form-field__input\"\n    id=\"email\"\n    aria-describedby=\"email\"\n    type=\"email\"\n    name=\"fields[email]\"\n    placeholder=\"E-Mail *\"\n    value=\"\"\n                \n        \n        \n    required\n    \n    \n>\n\n\n    \n    \n<\/div>\n\n\n<div class=\"breakdance-form-field breakdance-form-field--textarea breakdance-form-field__hide-label\" >\n    \n    \n            <label class=\"breakdance-form-field__label\" for=\"message\">\n            Message<span class=\"breakdance-form-field__required\">*<\/span>\n        <\/label>\n    \n    <textarea\n    class=\"breakdance-form-field__input\"\n    id=\"message\"\n    aria-describedby=\"message\"\n    type=\"textarea\"\n    name=\"fields[message]\"\n        placeholder=\"Nachricht *\"\n    required\n    >\n<\/textarea>\n\n\n    \n    \n<\/div>\n\n\n<div class=\"breakdance-form-field breakdance-form-field--checkbox breakdance-form-field__hide-label\" >\n    \n    \n    \n    <fieldset role=\"group\"\n    aria-label=\"Datenschutz\"\n    >\n       <legend class=\"breakdance-form-field__label\">Datenschutz<span class=\"breakdance-form-field__required\">*<\/span><\/legend>\n          <div class=\"breakdance-form-checkbox\">\n          <input\n              type=\"checkbox\"\n              name=\"fields[acxful]\"\n              value=\"Ich habe die &lt;a href=&quot;#&quot;&gt;Datenschutzerkl\u00e4rung&lt;\/a&gt; gelesen und bin mit der Verarbeitung meiner Daten einverstanden.\"\n              id=\"acxful-1\"\n              \n                        >\n          <label class=\"breakdance-form-checkbox__text\" for=\"acxful-1\">Ich habe die <a href=\"#\">Datenschutzerkl\u00e4rung<\/a> gelesen und bin mit der Verarbeitung meiner Daten einverstanden.<\/label>\n      <\/div>\n  <\/fieldset>\n\n\n\n    \n    \n<\/div>\n\n\n  \n\n<div class=\"breakdance-form-field breakdance-form-footer\">\n    \n    \n                                    \n    \n    \n    \n    \n            \n            <button type=\"submit\" class=\"button-atom button-atom--primary breakdance-form-button breakdance-form-button__submit\"  >\n    \n        <span class=\"button-atom__text\">Nachricht senden<\/span>\n\n        \n        \n            <\/button>\n    \n    <input type=\"hidden\" name=\"form_id\" value=\"110\">\n    <input type=\"hidden\" name=\"post_id\" value=\"124\">\n<\/div>\n\n  \n<\/form>\n\n\n\n<\/div>\n<\/div>\n<\/div><\/div>\n<\/section>","protected":false},"excerpt":{"rendered":"<p>Buchankauf Der zweite Fr\u00fchling f\u00fcr Ihre B\u00fccher Standort Trebbin Kr\u00fcgerweg 1 | 14959 Trebbin Standort Brielow Buchenweg 1 | 14778 Brielow Name* Email* Message* Datenschutz* Ich habe die Datenschutzerkl\u00e4rung gelesen und bin mit der Verarbeitung meiner Daten einverstanden. Nachricht senden<\/p>\n","protected":false},"author":2,"featured_media":0,"parent":0,"menu_order":0,"comment_status":"closed","ping_status":"closed","template":"","meta":{"_breakdance_hide_in_design_set":false,"_breakdance_tags":"","iawp_total_views":2980,"footnotes":""},"class_list":["post-124","page","type-page","status-publish","hentry"],"yoast_head":"<!-- This site is optimized with the Yoast SEO plugin v25.0 - https:\/\/yoast.com\/wordpress\/plugins\/seo\/ -->\n<title>Kontakt - Buchpark B2B<\/title>\n<meta name=\"robots\" content=\"index, follow, max-snippet:-1, max-image-preview:large, max-video-preview:-1\" \/>\n<link rel=\"canonical\" href=\"https:\/\/buchpark.de\/home\/kontakt\/\" \/>\n<meta property=\"og:locale\" content=\"de_DE\" \/>\n<meta property=\"og:type\" content=\"article\" \/>\n<meta property=\"og:title\" content=\"Kontakt - Buchpark B2B\" \/>\n<meta property=\"og:description\" content=\"Buchankauf Der zweite Fr\u00fchling f\u00fcr Ihre B\u00fccher Standort Trebbin Kr\u00fcgerweg 1 | 14959 Trebbin Standort Brielow Buchenweg 1 | 14778 Brielow Name* Email* Message* Datenschutz* Ich habe die Datenschutzerkl\u00e4rung gelesen und bin mit der Verarbeitung meiner Daten einverstanden. Nachricht senden\" \/>\n<meta property=\"og:url\" content=\"https:\/\/buchpark.de\/home\/kontakt\/\" \/>\n<meta property=\"og:site_name\" content=\"Buchpark B2B\" \/>\n<meta property=\"article:publisher\" content=\"https:\/\/www.facebook.com\/p\/Buchpark-100090825957190\/\" \/>\n<meta property=\"article:modified_time\" content=\"2025-09-02T14:47:18+00:00\" \/>\n<meta name=\"twitter:card\" content=\"summary_large_image\" \/>\n<meta name=\"twitter:label1\" content=\"Gesch\u00e4tzte Lesezeit\" \/>\n\t<meta name=\"twitter:data1\" content=\"1\u00a0Minute\" \/>\n<script type=\"application\/ld+json\" class=\"yoast-schema-graph\">{\"@context\":\"https:\/\/schema.org\",\"@graph\":[{\"@type\":\"WebPage\",\"@id\":\"https:\/\/buchpark.de\/home\/kontakt\/\",\"url\":\"https:\/\/buchpark.de\/home\/kontakt\/\",\"name\":\"Kontakt - Buchpark B2B\",\"isPartOf\":{\"@id\":\"https:\/\/buchpark.de\/home\/#website\"},\"datePublished\":\"2025-02-06T09:57:25+00:00\",\"dateModified\":\"2025-09-02T14:47:18+00:00\",\"breadcrumb\":{\"@id\":\"https:\/\/buchpark.de\/home\/kontakt\/#breadcrumb\"},\"inLanguage\":\"de\",\"potentialAction\":[{\"@type\":\"ReadAction\",\"target\":[\"https:\/\/buchpark.de\/home\/kontakt\/\"]}]},{\"@type\":\"BreadcrumbList\",\"@id\":\"https:\/\/buchpark.de\/home\/kontakt\/#breadcrumb\",\"itemListElement\":[{\"@type\":\"ListItem\",\"position\":1,\"name\":\"Startseite\",\"item\":\"https:\/\/buchpark.de\/home\/\"},{\"@type\":\"ListItem\",\"position\":2,\"name\":\"Kontakt\"}]},{\"@type\":\"WebSite\",\"@id\":\"https:\/\/buchpark.de\/home\/#website\",\"url\":\"https:\/\/buchpark.de\/home\/\",\"name\":\"Buchpark B2B\",\"description\":\"Gebrauchte B\u00fccher online kaufen und verkaufen\",\"publisher\":{\"@id\":\"https:\/\/buchpark.de\/home\/#organization\"},\"potentialAction\":[{\"@type\":\"SearchAction\",\"target\":{\"@type\":\"EntryPoint\",\"urlTemplate\":\"https:\/\/buchpark.de\/home\/?s={search_term_string}\"},\"query-input\":{\"@type\":\"PropertyValueSpecification\",\"valueRequired\":true,\"valueName\":\"search_term_string\"}}],\"inLanguage\":\"de\"},{\"@type\":\"Organization\",\"@id\":\"https:\/\/buchpark.de\/home\/#organization\",\"name\":\"Buchpark GmbH\",\"url\":\"https:\/\/buchpark.de\/home\/\",\"logo\":{\"@type\":\"ImageObject\",\"inLanguage\":\"de\",\"@id\":\"https:\/\/buchpark.de\/home\/#\/schema\/logo\/image\/\",\"url\":\"https:\/\/buchpark.de\/home\/wp-content\/uploads\/2025\/02\/logo.svg\",\"contentUrl\":\"https:\/\/buchpark.de\/home\/wp-content\/uploads\/2025\/02\/logo.svg\",\"width\":1,\"height\":1,\"caption\":\"Buchpark GmbH\"},\"image\":{\"@id\":\"https:\/\/buchpark.de\/home\/#\/schema\/logo\/image\/\"},\"sameAs\":[\"https:\/\/www.facebook.com\/p\/Buchpark-100090825957190\/\",\"https:\/\/www.instagram.com\/buchpark.de\/\",\"https:\/\/www.linkedin.com\/company\/buchpark\/\"]}]}<\/script>\n<!-- \/ Yoast SEO plugin. -->","yoast_head_json":{"title":"Kontakt - Buchpark B2B","robots":{"index":"index","follow":"follow","max-snippet":"max-snippet:-1","max-image-preview":"max-image-preview:large","max-video-preview":"max-video-preview:-1"},"canonical":"https:\/\/buchpark.de\/home\/kontakt\/","og_locale":"de_DE","og_type":"article","og_title":"Kontakt - Buchpark B2B","og_description":"Buchankauf Der zweite Fr\u00fchling f\u00fcr Ihre B\u00fccher Standort Trebbin Kr\u00fcgerweg 1 | 14959 Trebbin Standort Brielow Buchenweg 1 | 14778 Brielow Name* Email* Message* Datenschutz* Ich habe die Datenschutzerkl\u00e4rung gelesen und bin mit der Verarbeitung meiner Daten einverstanden. Nachricht senden","og_url":"https:\/\/buchpark.de\/home\/kontakt\/","og_site_name":"Buchpark B2B","article_publisher":"https:\/\/www.facebook.com\/p\/Buchpark-100090825957190\/","article_modified_time":"2025-09-02T14:47:18+00:00","twitter_card":"summary_large_image","twitter_misc":{"Gesch\u00e4tzte Lesezeit":"1\u00a0Minute"},"schema":{"@context":"https:\/\/schema.org","@graph":[{"@type":"WebPage","@id":"https:\/\/buchpark.de\/home\/kontakt\/","url":"https:\/\/buchpark.de\/home\/kontakt\/","name":"Kontakt - Buchpark B2B","isPartOf":{"@id":"https:\/\/buchpark.de\/home\/#website"},"datePublished":"2025-02-06T09:57:25+00:00","dateModified":"2025-09-02T14:47:18+00:00","breadcrumb":{"@id":"https:\/\/buchpark.de\/home\/kontakt\/#breadcrumb"},"inLanguage":"de","potentialAction":[{"@type":"ReadAction","target":["https:\/\/buchpark.de\/home\/kontakt\/"]}]},{"@type":"BreadcrumbList","@id":"https:\/\/buchpark.de\/home\/kontakt\/#breadcrumb","itemListElement":[{"@type":"ListItem","position":1,"name":"Startseite","item":"https:\/\/buchpark.de\/home\/"},{"@type":"ListItem","position":2,"name":"Kontakt"}]},{"@type":"WebSite","@id":"https:\/\/buchpark.de\/home\/#website","url":"https:\/\/buchpark.de\/home\/","name":"Buchpark B2B","description":"Gebrauchte B\u00fccher online kaufen und verkaufen","publisher":{"@id":"https:\/\/buchpark.de\/home\/#organization"},"potentialAction":[{"@type":"SearchAction","target":{"@type":"EntryPoint","urlTemplate":"https:\/\/buchpark.de\/home\/?s={search_term_string}"},"query-input":{"@type":"PropertyValueSpecification","valueRequired":true,"valueName":"search_term_string"}}],"inLanguage":"de"},{"@type":"Organization","@id":"https:\/\/buchpark.de\/home\/#organization","name":"Buchpark GmbH","url":"https:\/\/buchpark.de\/home\/","logo":{"@type":"ImageObject","inLanguage":"de","@id":"https:\/\/buchpark.de\/home\/#\/schema\/logo\/image\/","url":"https:\/\/buchpark.de\/home\/wp-content\/uploads\/2025\/02\/logo.svg","contentUrl":"https:\/\/buchpark.de\/home\/wp-content\/uploads\/2025\/02\/logo.svg","width":1,"height":1,"caption":"Buchpark GmbH"},"image":{"@id":"https:\/\/buchpark.de\/home\/#\/schema\/logo\/image\/"},"sameAs":["https:\/\/www.facebook.com\/p\/Buchpark-100090825957190\/","https:\/\/www.instagram.com\/buchpark.de\/","https:\/\/www.linkedin.com\/company\/buchpark\/"]}]}},"_links":{"self":[{"href":"https:\/\/buchpark.de\/home\/wp-json\/wp\/v2\/pages\/124","targetHints":{"allow":["GET"]}}],"collection":[{"href":"https:\/\/buchpark.de\/home\/wp-json\/wp\/v2\/pages"}],"about":[{"href":"https:\/\/buchpark.de\/home\/wp-json\/wp\/v2\/types\/page"}],"author":[{"embeddable":true,"href":"https:\/\/buchpark.de\/home\/wp-json\/wp\/v2\/users\/2"}],"replies":[{"embeddable":true,"href":"https:\/\/buchpark.de\/home\/wp-json\/wp\/v2\/comments?post=124"}],"version-history":[{"count":23,"href":"https:\/\/buchpark.de\/home\/wp-json\/wp\/v2\/pages\/124\/revisions"}],"predecessor-version":[{"id":893,"href":"https:\/\/buchpark.de\/home\/wp-json\/wp\/v2\/pages\/124\/revisions\/893"}],"wp:attachment":[{"href":"https:\/\/buchpark.de\/home\/wp-json\/wp\/v2\/media?parent=124"}],"curies":[{"name":"wp","href":"https:\/\/api.w.org\/{rel}","templated":true}]}}