{"id":122,"date":"2025-02-06T10:57:13","date_gmt":"2025-02-06T09:57:13","guid":{"rendered":"https:\/\/wp.buchpark.corpex-kunden.de\/?page_id=122"},"modified":"2025-09-02T16:46:50","modified_gmt":"2025-09-02T14:46:50","slug":"fulfillment","status":"publish","type":"page","link":"https:\/\/buchpark.de\/home\/fulfillment\/","title":{"rendered":"Fulfillment"},"content":{"rendered":"<section class=\"bde-section-122-172 bde-section\">\n  \n  \n\t\n\n\n\n<div class=\"section-container\"><div class=\"bde-div-122-173 bde-div\" data-parallax=\"true\">\n  \n  \n\t\n\n\n\n<div class=\"bde-div-122-174 bde-div\">\n  \n  \n\t\n\n\n\n<div class=\"bde-text-122-175 bde-text\">\nFulfillment\n<\/div>\n<\/div><h1 class=\"bde-heading-122-176 bde-heading\">\nFulfillment, Dropshipment <br>& Warehousing\n<\/h1><div class=\"bde-text-122-177 bde-text\">\nWir verstehen den Onlinehandel mit gebrauchten B\u00fcchern und dessen Besonderheiten.Wir von Buchpark sind seit vielen Jahren erfolgreich in den Bereichen Buchhandel und -logistik t\u00e4tig. Vom Berliner Umland aus erbringen wir t\u00e4glich unsere Versand- und Servicedienstleistungen f\u00fcr den Online-Buchhandel. Wir kennen die besonderen Herausforderungen, die durch die Vermarktung ihrer Best\u00e4nde auf den gro\u00dfen Marktpl\u00e4tzen \u2013 beispielsweise Amazon \u2013 entstehen. Gerne unterst\u00fctzen wir Sie bei der Einhaltung von Richtlinien. Halten Sie Ihren Account \u201cgesund\u201d und profitabel! Dabei helfen Ihnen unsere Abl\u00e4ufe im Pricing, in der Qualit\u00e4ts\u00fcberwachung, im Versandbereich und bei der Identifizierung von verbotenen Titeln.<br><br>Unsere IT- Fachkr\u00e4fte k\u00f6nnen Ihre Ideen und W\u00fcnsche jederzeit aufgreifen und umsetzen. Profitieren Sie und Ihre Kunden von unseren hocheffizienten und standardisierten Abl\u00e4ufen. So k\u00f6nnen Sie sich bei Ihren Wachstumszielen voll auf die Bereiche Einkauf und Vermarktung konzentrieren.\n<\/div><div class=\"bde-button-122-178 bde-button\">\n    \n                                    \n    \n    \n    \n    \n            \n                    \n            \n            \n\n    \n    \n    \n    \n    \n    <a class=\"breakdance-link button-atom button-atom--primary bde-button__button\" href=\"https:\/\/buchpark.de\/home\/kontakt\/\" target=\"_self\" data-type=\"url\"  >\n\n    \n        <span class=\"button-atom__text\">Jetzt anfragen<\/span>\n\n        \n        \n                <\/a>\n\n    \n\n\n<\/div>\n<\/div><\/div>\n<\/section><section class=\"bde-section-122-179 bde-section\">\n  \n  \n\t\n\n\n\n<div class=\"section-container\"><div class=\"bde-div-122-180 bde-div\">\n  \n  \n\t\n\n\n\n<div class=\"bde-div-122-181 bde-div\">\n  \n  \n\t\n\n\n\n<h2 class=\"bde-heading-122-182 bde-heading\">\nLeistungen\n<\/h2>\n<\/div><div class=\"bde-div-122-183 bde-div\">\n  \n  \n\t\n\n\n\n<div class=\"bde-div-122-184 bde-div\">\n  \n  \n\t\n\n\n\n<h3 class=\"bde-heading-122-190 bde-heading\">\nEinlagerung\n<\/h3><div class=\"bde-rich-text-122-191 bde-rich-text breakdance-rich-text-styles\">\n<ul>\n<li>einzelne Sendungen, R\u00fccksendungen oder<br \/>komplette Lagerbest\u00e4nde<\/li>\n<li>transparente und standardisierte Zustandsbewertungen <br \/>(Grading) einzelner B\u00fccher<\/li>\n<li>Bearbeitung von Sonderf\u00e4llen <br \/>(not listed\/ alte Auflagen\/ unvollst\u00e4ndige Artikel)<\/li>\n<li>F\u00fchrung separater Lagerbest\u00e4nde (auf SKU- Ebene) <br \/>f\u00fcr jeden einzelnen Kunden<\/li>\n<li>transparente und g\u00fcnstige Lagerkosten ab 3 Cent\/Buch<\/li>\n<li>besonders g\u00fcnstige Konditionen f\u00fcr B\u00fccher, die <br \/>l\u00e4nger als 365 Tage lagern<\/li>\n<li>g\u00fcnstige einmalige Einrichtungsgeb\u00fchr <br \/>von nur 499,- \u20ac<\/li>\n<\/ul>\n<\/div><h3 class=\"bde-heading-122-192 bde-heading\">\nPick & Pack \u2013 <br>Versand durch Buchpark\n<\/h3><div class=\"bde-rich-text-122-185 bde-rich-text breakdance-rich-text-styles\">\n<ul>\n<li>Versand verkaufter Artikel an Ihre Kunden zum Festpreis <br \/>inkl. Verpackungs- und Portokosten<\/li>\n<\/ul>\n<ul>\n<li>Wir versenden Ihre Bestellungen auf dem g\u00fcnstigsten <br \/>und schnellsten Weg<\/li>\n<\/ul>\n<div>\n<ul>\n<li>\u00dcbernahmegarantie: auf Wunsch \u00fcbernehmen wir Ihre Best\u00e4nde zum Zeitpunkt Ihrer Wahl, zu fairen, tagaktuellen Konditionen und transparenten Zahlungsbedingungen<\/li>\n<\/ul>\n<\/div>\n<\/div>\n<\/div><div class=\"bde-div-122-187 bde-div\">\n  \n  \n\t\n\n\n\n<h3 class=\"bde-heading-122-188 bde-heading\">\nAnbieten Ihrer Best\u00e4nde \u2013 Verkauf durch Buchpark\n<\/h3><div class=\"bde-rich-text-122-193 bde-rich-text breakdance-rich-text-styles\">\n<ul>\n<li>Optional bieten wir f\u00fcr Sie Best\u00e4nde auf den gro\u00dfen Vertriebsplattformen an<\/li>\n<li>Wir \u00fcbernehmen f\u00fcr Sie das Pricing und k\u00fcmmern uns um den Kundenservice und die R\u00fccksendungen<\/li>\n<li>wenn n\u00f6tig verauslagen wir Kundenerstattungen<\/li>\n<li>Controlling: wir bieten laufend tagaktuelle Auswertungen zu Ums\u00e4tzen, Erstattungen und zum aktuellen Lagerbestand<\/li>\n<li>\u00dcbernahmegarantie: auf Wunsch \u00fcbernehmen wir Ihre Best\u00e4nde zum Zeitpunkt Ihrer Wahl, zu fairen, tagaktuellen Konditionen und transparenten Zahlungsbedingungen<\/li>\n<\/ul>\n<\/div><h3 class=\"bde-heading-122-194 bde-heading\">\nBestandspflege\n<\/h3><div class=\"bde-rich-text-122-195 bde-rich-text breakdance-rich-text-styles\">\n<ul>\n<li>auf Wunsch \u00fcbernehmen wir f\u00fcr Sie die Bereinigung Ihres Lagerbestandes <br \/>(z.B. Aussortieren \u201cverbotener\u201d oder nicht zugelassener Artikel, unverk\u00e4uflicher oder ungesunder Lagerbest\u00e4nde)<\/li>\n<li>Sie erhalten vorab einen Festpreis inklusive einer transparenten Weiterverarbeitung bzw. Entsorgung<\/li>\n<\/ul>\n<\/div><h3 class=\"bde-heading-122-186 bde-heading\">\nBewertung Ihres Lagerbestandes\n<\/h3><div class=\"bde-rich-text-122-189 bde-rich-text breakdance-rich-text-styles\">\n<ul>\n<li>Sie erhalten stets eine Auswertung \u00fcber die Entwicklung des aktuellen Marktwertes dazu geh\u00f6ren auch ein aktueller \u00dcberblick des Lagerbestandes und Abverkaufsprognosen\u00a0sowie 12-Monats-Ausblicke<\/li>\n<\/ul>\n<\/div>\n<\/div>\n<\/div>\n<\/div><\/div>\n<\/section><section class=\"bde-section-122-100 bde-section\">\n  \n  \n\t\n\n\n\n<div class=\"section-container\"><div class=\"bde-div-122-101 bde-div\">\n  \n  \n\t\n\n\n\n<div class=\"bde-div-122-103 bde-div\">\n  \n  \n\t\n\n\n\n<div class=\"bde-div-122-107 bde-div\">\n  \n  \n\t\n\n\n\n<div class=\"bde-div-122-104 bde-div\">\n  \n  \n\t\n\n\n\n<div class=\"bde-div-122-105 bde-div\">\n  \n  \n\t\n\n\n\n<div class=\"bde-div-122-110 bde-div\">\n  \n  \n\t\n\n\n\n<div class=\"bde-text-122-111 bde-text\">\n1\n<\/div>\n<\/div><img decoding=\"async\" class=\"bde-image2-122-106 bde-image2\" src=\"https:\/\/buchpark.de\/home\/wp-content\/uploads\/2025\/02\/fulfillment-icon-versand.svg\" alt=\"Versand Fulfillment Icon\" loading=\"lazy\">\n<\/div>\n<\/div><div class=\"bde-div-122-198 bde-div\">\n  \n  \n\t\n\n\n\n<h3 class=\"bde-heading-122-109 bde-heading\">\nWaren-<br>Eingang\n<\/h3><div class=\"bde-text-122-108 bde-text\">\nBei dem Erhalt der Ware dokumentieren, pr\u00fcfen, lagern wir die Ware und stellen sie zum Verkauf.\n<\/div>\n<\/div>\n<\/div><div class=\"bde-div-122-113 bde-div\">\n  \n  \n\t\n\n\n\n<div class=\"bde-div-122-114 bde-div\">\n  \n  \n\t\n\n\n\n<div class=\"bde-div-122-115 bde-div\">\n  \n  \n\t\n\n\n\n<div class=\"bde-div-122-116 bde-div\">\n  \n  \n\t\n\n\n\n<div class=\"bde-text-122-117 bde-text\">\n2\n<\/div>\n<\/div><img decoding=\"async\" class=\"bde-image2-122-118 bde-image2\" src=\"https:\/\/buchpark.de\/home\/wp-content\/uploads\/2025\/02\/fulfillment-icon-qualitaetscheck.svg\" alt=\"Fulfillment Qualit\u00e4t Icon\" loading=\"lazy\">\n<\/div>\n<\/div><div class=\"bde-div-122-199 bde-div\">\n  \n  \n\t\n\n\n\n<h3 class=\"bde-heading-122-119 bde-heading\">\nQualit\u00e4tspr\u00fcfung<br>der B\u00fccher\n<\/h3><div class=\"bde-text-122-120 bde-text\">\nUm sicher zu stellen, dass die Ware in einem einwandfreien Zustand ist, wird sie sorgf\u00e4ltig gepr\u00fcft.\n<\/div>\n<\/div>\n<\/div>\n<\/div><div class=\"bde-div-122-121 bde-div\">\n  \n  \n\t\n\n\n\n<div class=\"bde-div-122-122 bde-div\">\n  \n  \n\t\n\n\n\n<div class=\"bde-div-122-123 bde-div\">\n  \n  \n\t\n\n\n\n<div class=\"bde-div-122-124 bde-div\">\n  \n  \n\t\n\n\n\n<div class=\"bde-div-122-125 bde-div\">\n  \n  \n\t\n\n\n\n<div class=\"bde-text-122-126 bde-text\">\n3\n<\/div>\n<\/div><img decoding=\"async\" class=\"bde-image2-122-127 bde-image2\" src=\"https:\/\/buchpark.de\/home\/wp-content\/uploads\/2025\/02\/fulfillment-icon-einlagerung.svg\" alt=\"Fulfillment Einlagerung Icon\" loading=\"lazy\">\n<\/div>\n<\/div><div class=\"bde-div-122-200 bde-div\">\n  \n  \n\t\n\n\n\n<h3 class=\"bde-heading-122-128 bde-heading\">\nEinlagerung <br>der B\u00fccher\n<\/h3><div class=\"bde-text-122-129 bde-text\">\nIhr B\u00fccher sind bei uns vor Feuchtigkeit, W\u00e4rme und Sonnenlicht gesch\u00fctzt. Zus\u00e4tzlich  ist f\u00fcr eine ausreichende Luftzirkulation gesorgt.\n<\/div>\n<\/div>\n<\/div><div class=\"bde-div-122-130 bde-div\">\n  \n  \n\t\n\n\n\n<div class=\"bde-div-122-131 bde-div\">\n  \n  \n\t\n\n\n\n<div class=\"bde-div-122-132 bde-div\">\n  \n  \n\t\n\n\n\n<div class=\"bde-div-122-133 bde-div\">\n  \n  \n\t\n\n\n\n<div class=\"bde-text-122-134 bde-text\">\n4\n<\/div>\n<\/div><img decoding=\"async\" class=\"bde-image2-122-135 bde-image2\" src=\"https:\/\/buchpark.de\/home\/wp-content\/uploads\/2025\/02\/fulfillment-icon-shopverbidnung.svg\" alt=\"Fulfillment Shopverbindung Icon\" loading=\"lazy\">\n<\/div>\n<\/div><div class=\"bde-div-122-201 bde-div\">\n  \n  \n\t\n\n\n\n<h3 class=\"bde-heading-122-136 bde-heading\">\nTechnische Anbindung <br>f\u00fcr Ihren Shop\n<\/h3><div class=\"bde-text-122-137 bde-text\">\nWir unterst\u00fctzen Sie bei der  Vermarktung Ihrer Best\u00e4nde auf gro\u00dfen Marktpl\u00e4tzen \u2013 wie Amazon.\n<\/div>\n<\/div>\n<\/div>\n<\/div><div class=\"bde-div-122-138 bde-div\">\n  \n  \n\t\n\n\n\n<div class=\"bde-div-122-139 bde-div\">\n  \n  \n\t\n\n\n\n<div class=\"bde-div-122-140 bde-div\">\n  \n  \n\t\n\n\n\n<div class=\"bde-div-122-141 bde-div\">\n  \n  \n\t\n\n\n\n<div class=\"bde-div-122-142 bde-div\">\n  \n  \n\t\n\n\n\n<div class=\"bde-text-122-143 bde-text\">\n5\n<\/div>\n<\/div><img decoding=\"async\" class=\"bde-image2-122-144 bde-image2\" src=\"https:\/\/buchpark.de\/home\/wp-content\/uploads\/2025\/02\/fulfillment-icon-vertriebsunterstuetzung.svg\" alt=\"Fulfillment Vertrieb Icon\" loading=\"lazy\">\n<\/div>\n<\/div><div class=\"bde-div-122-204 bde-div\">\n  \n  \n\t\n\n\n\n<h3 class=\"bde-heading-122-145 bde-heading\">\nVertriebs-<br>unterst\u00fctzung\n<\/h3><div class=\"bde-text-122-146 bde-text\">\nWir \u00fcbernehmen die Vermarktung Ihrer Best\u00e4nde und stellen sie auf den gro\u00dfen Marktpl\u00e4tzen \u2013 beispielsweise Amazon \u2013 zur Verf\u00fcgung.\n<\/div>\n<\/div>\n<\/div><div class=\"bde-div-122-147 bde-div\">\n  \n  \n\t\n\n\n\n<div class=\"bde-div-122-148 bde-div\">\n  \n  \n\t\n\n\n\n<div class=\"bde-div-122-149 bde-div\">\n  \n  \n\t\n\n\n\n<div class=\"bde-div-122-150 bde-div\">\n  \n  \n\t\n\n\n\n<div class=\"bde-text-122-151 bde-text\">\n6\n<\/div>\n<\/div><img decoding=\"async\" class=\"bde-image2-122-152 bde-image2\" src=\"https:\/\/buchpark.de\/home\/wp-content\/uploads\/2025\/02\/fulfillment-icon-auftragsabwicklung.svg\" alt=\"Fulfillment Auftrag Icon\" loading=\"lazy\">\n<\/div>\n<\/div><div class=\"bde-div-122-205 bde-div\">\n  \n  \n\t\n\n\n\n<h3 class=\"bde-heading-122-153 bde-heading\">\nAuftrags-<br>abwicklung\n<\/h3><div class=\"bde-text-122-154 bde-text\">\nVon der Auftrags-entgegennahme, Lagerung, Verkauf bis zum Versand k\u00fcmmern wir uns um Ihre Ware\n<\/div>\n<\/div>\n<\/div>\n<\/div><div class=\"bde-div-122-155 bde-div\">\n  \n  \n\t\n\n\n\n<div class=\"bde-div-122-156 bde-div\">\n  \n  \n\t\n\n\n\n<div class=\"bde-div-122-157 bde-div\">\n  \n  \n\t\n\n\n\n<div class=\"bde-div-122-158 bde-div\">\n  \n  \n\t\n\n\n\n<div class=\"bde-div-122-159 bde-div\">\n  \n  \n\t\n\n\n\n<div class=\"bde-text-122-160 bde-text\">\n7\n<\/div>\n<\/div><img decoding=\"async\" class=\"bde-image2-122-161 bde-image2\" src=\"https:\/\/buchpark.de\/home\/wp-content\/uploads\/2025\/02\/fulfillment-icon-wareneingang.svg\" alt=\"Fulfillment Wareneingang Icon\" loading=\"lazy\">\n<\/div>\n<\/div><div class=\"bde-div-122-202 bde-div\">\n  \n  \n\t\n\n\n\n<h3 class=\"bde-heading-122-162 bde-heading\">\nVersand\n<\/h3><div class=\"bde-text-122-163 bde-text\">\nWir stellen sicher, dass die Ware an den Kunden in einem einwandfreien Zustand und p\u00fcnktlich versendet wird.\n<\/div>\n<\/div>\n<\/div><div class=\"bde-div-122-164 bde-div\">\n  \n  \n\t\n\n\n\n<div class=\"bde-div-122-165 bde-div\">\n  \n  \n\t\n\n\n\n<div class=\"bde-div-122-166 bde-div\">\n  \n  \n\t\n\n\n\n<div class=\"bde-div-122-167 bde-div\">\n  \n  \n\t\n\n\n\n<div class=\"bde-text-122-168 bde-text\">\n8\n<\/div>\n<\/div><img decoding=\"async\" class=\"bde-image2-122-169 bde-image2\" src=\"https:\/\/buchpark.de\/home\/wp-content\/uploads\/2025\/02\/fulfillment-icon-bestandsmanagement.svg\" alt=\"Fulfillment Bestand Icon\" loading=\"lazy\">\n<\/div>\n<\/div><div class=\"bde-div-122-203 bde-div\">\n  \n  \n\t\n\n\n\n<h3 class=\"bde-heading-122-170 bde-heading\">\nBestands-<br>management\n<\/h3><div class=\"bde-text-122-171 bde-text\">\nSie erhalten jederzeit einen tagesaktuellen Stand zu Ihren Best\u00e4nden. \n<\/div>\n<\/div>\n<\/div>\n<\/div><div class=\"bde-code-block-122-102 bde-code-block\">\n\n  <svg viewBox=\"0 0 867.5 1340.5\" preserveAspectRatio=\"none\">\n  <path d=\"M152,0H727c33.14,0,60,26.86,60,60V218.04c0,33.14-26.86,60-60,60H60c-33.14,0-60,26.86-60,60v29.82c0,33.14,26.86,60,60,60H780c33.14,0,60,26.86,60,60v177.64c0,33.14-26.86,60-60,60H91.39c-33.14,0-60,26.86-60,60v29c0,33.14,26.86,60,60,60H675.5c33.14,0,60,26.86,60,60v195c0,33.14-26.86,60-60,60H159.5c-33.14,0-60,26.86-60,60v31c0,33.14,26.86,60,60,60H867.5\" class=\"roadmap-line\"><\/path>\n<\/svg>\n\n\n<\/div><div class=\"bde-div-122-197 bde-div\">\n  \n  \n\t\n\n\n\n\n<\/div>\n<\/div><\/div>\n<\/section>","protected":false},"excerpt":{"rendered":"<p>Fulfillment Fulfillment, Dropshipment &#038; Warehousing Wir verstehen den Onlinehandel mit gebrauchten B\u00fcchern und dessen Besonderheiten.Wir von Buchpark sind seit vielen Jahren erfolgreich in den Bereichen Buchhandel und -logistik t\u00e4tig. Vom Berliner Umland aus erbringen wir t\u00e4glich unsere Versand- und Servicedienstleistungen f\u00fcr den Online-Buchhandel. Wir kennen die besonderen Herausforderungen, die durch die Vermarktung ihrer Best\u00e4nde auf [&hellip;]<\/p>\n","protected":false},"author":2,"featured_media":0,"parent":0,"menu_order":0,"comment_status":"closed","ping_status":"closed","template":"","meta":{"_breakdance_hide_in_design_set":false,"_breakdance_tags":"","iawp_total_views":892,"footnotes":""},"class_list":["post-122","page","type-page","status-publish","hentry"],"yoast_head":"<!-- This site is optimized with the Yoast SEO plugin v25.0 - https:\/\/yoast.com\/wordpress\/plugins\/seo\/ -->\n<title>Fulfillment - Buchpark B2B<\/title>\n<meta name=\"robots\" content=\"index, follow, max-snippet:-1, max-image-preview:large, max-video-preview:-1\" \/>\n<link rel=\"canonical\" href=\"https:\/\/buchpark.de\/home\/fulfillment\/\" \/>\n<meta property=\"og:locale\" content=\"de_DE\" \/>\n<meta property=\"og:type\" content=\"article\" \/>\n<meta property=\"og:title\" content=\"Fulfillment - Buchpark B2B\" \/>\n<meta property=\"og:description\" content=\"Fulfillment Fulfillment, Dropshipment &amp; Warehousing Wir verstehen den Onlinehandel mit gebrauchten B\u00fcchern und dessen Besonderheiten.Wir von Buchpark sind seit vielen Jahren erfolgreich in den Bereichen Buchhandel und -logistik t\u00e4tig. Vom Berliner Umland aus erbringen wir t\u00e4glich unsere Versand- und Servicedienstleistungen f\u00fcr den Online-Buchhandel. Wir kennen die besonderen Herausforderungen, die durch die Vermarktung ihrer Best\u00e4nde auf [&hellip;]\" \/>\n<meta property=\"og:url\" content=\"https:\/\/buchpark.de\/home\/fulfillment\/\" \/>\n<meta property=\"og:site_name\" content=\"Buchpark B2B\" \/>\n<meta property=\"article:publisher\" content=\"https:\/\/www.facebook.com\/p\/Buchpark-100090825957190\/\" \/>\n<meta property=\"article:modified_time\" content=\"2025-09-02T14:46:50+00:00\" \/>\n<meta name=\"twitter:card\" content=\"summary_large_image\" \/>\n<meta name=\"twitter:label1\" content=\"Gesch\u00e4tzte Lesezeit\" \/>\n\t<meta name=\"twitter:data1\" content=\"5\u00a0Minuten\" \/>\n<script type=\"application\/ld+json\" class=\"yoast-schema-graph\">{\"@context\":\"https:\/\/schema.org\",\"@graph\":[{\"@type\":\"WebPage\",\"@id\":\"https:\/\/buchpark.de\/home\/fulfillment\/\",\"url\":\"https:\/\/buchpark.de\/home\/fulfillment\/\",\"name\":\"Fulfillment - Buchpark B2B\",\"isPartOf\":{\"@id\":\"https:\/\/buchpark.de\/home\/#website\"},\"datePublished\":\"2025-02-06T09:57:13+00:00\",\"dateModified\":\"2025-09-02T14:46:50+00:00\",\"breadcrumb\":{\"@id\":\"https:\/\/buchpark.de\/home\/fulfillment\/#breadcrumb\"},\"inLanguage\":\"de\",\"potentialAction\":[{\"@type\":\"ReadAction\",\"target\":[\"https:\/\/buchpark.de\/home\/fulfillment\/\"]}]},{\"@type\":\"BreadcrumbList\",\"@id\":\"https:\/\/buchpark.de\/home\/fulfillment\/#breadcrumb\",\"itemListElement\":[{\"@type\":\"ListItem\",\"position\":1,\"name\":\"Startseite\",\"item\":\"https:\/\/buchpark.de\/home\/\"},{\"@type\":\"ListItem\",\"position\":2,\"name\":\"Fulfillment\"}]},{\"@type\":\"WebSite\",\"@id\":\"https:\/\/buchpark.de\/home\/#website\",\"url\":\"https:\/\/buchpark.de\/home\/\",\"name\":\"Buchpark B2B\",\"description\":\"Gebrauchte B\u00fccher online kaufen und verkaufen\",\"publisher\":{\"@id\":\"https:\/\/buchpark.de\/home\/#organization\"},\"potentialAction\":[{\"@type\":\"SearchAction\",\"target\":{\"@type\":\"EntryPoint\",\"urlTemplate\":\"https:\/\/buchpark.de\/home\/?s={search_term_string}\"},\"query-input\":{\"@type\":\"PropertyValueSpecification\",\"valueRequired\":true,\"valueName\":\"search_term_string\"}}],\"inLanguage\":\"de\"},{\"@type\":\"Organization\",\"@id\":\"https:\/\/buchpark.de\/home\/#organization\",\"name\":\"Buchpark GmbH\",\"url\":\"https:\/\/buchpark.de\/home\/\",\"logo\":{\"@type\":\"ImageObject\",\"inLanguage\":\"de\",\"@id\":\"https:\/\/buchpark.de\/home\/#\/schema\/logo\/image\/\",\"url\":\"https:\/\/buchpark.de\/home\/wp-content\/uploads\/2025\/02\/logo.svg\",\"contentUrl\":\"https:\/\/buchpark.de\/home\/wp-content\/uploads\/2025\/02\/logo.svg\",\"width\":1,\"height\":1,\"caption\":\"Buchpark GmbH\"},\"image\":{\"@id\":\"https:\/\/buchpark.de\/home\/#\/schema\/logo\/image\/\"},\"sameAs\":[\"https:\/\/www.facebook.com\/p\/Buchpark-100090825957190\/\",\"https:\/\/www.instagram.com\/buchpark.de\/\",\"https:\/\/www.linkedin.com\/company\/buchpark\/\"]}]}<\/script>\n<!-- \/ Yoast SEO plugin. -->","yoast_head_json":{"title":"Fulfillment - Buchpark B2B","robots":{"index":"index","follow":"follow","max-snippet":"max-snippet:-1","max-image-preview":"max-image-preview:large","max-video-preview":"max-video-preview:-1"},"canonical":"https:\/\/buchpark.de\/home\/fulfillment\/","og_locale":"de_DE","og_type":"article","og_title":"Fulfillment - Buchpark B2B","og_description":"Fulfillment Fulfillment, Dropshipment & Warehousing Wir verstehen den Onlinehandel mit gebrauchten B\u00fcchern und dessen Besonderheiten.Wir von Buchpark sind seit vielen Jahren erfolgreich in den Bereichen Buchhandel und -logistik t\u00e4tig. Vom Berliner Umland aus erbringen wir t\u00e4glich unsere Versand- und Servicedienstleistungen f\u00fcr den Online-Buchhandel. Wir kennen die besonderen Herausforderungen, die durch die Vermarktung ihrer Best\u00e4nde auf [&hellip;]","og_url":"https:\/\/buchpark.de\/home\/fulfillment\/","og_site_name":"Buchpark B2B","article_publisher":"https:\/\/www.facebook.com\/p\/Buchpark-100090825957190\/","article_modified_time":"2025-09-02T14:46:50+00:00","twitter_card":"summary_large_image","twitter_misc":{"Gesch\u00e4tzte Lesezeit":"5\u00a0Minuten"},"schema":{"@context":"https:\/\/schema.org","@graph":[{"@type":"WebPage","@id":"https:\/\/buchpark.de\/home\/fulfillment\/","url":"https:\/\/buchpark.de\/home\/fulfillment\/","name":"Fulfillment - Buchpark B2B","isPartOf":{"@id":"https:\/\/buchpark.de\/home\/#website"},"datePublished":"2025-02-06T09:57:13+00:00","dateModified":"2025-09-02T14:46:50+00:00","breadcrumb":{"@id":"https:\/\/buchpark.de\/home\/fulfillment\/#breadcrumb"},"inLanguage":"de","potentialAction":[{"@type":"ReadAction","target":["https:\/\/buchpark.de\/home\/fulfillment\/"]}]},{"@type":"BreadcrumbList","@id":"https:\/\/buchpark.de\/home\/fulfillment\/#breadcrumb","itemListElement":[{"@type":"ListItem","position":1,"name":"Startseite","item":"https:\/\/buchpark.de\/home\/"},{"@type":"ListItem","position":2,"name":"Fulfillment"}]},{"@type":"WebSite","@id":"https:\/\/buchpark.de\/home\/#website","url":"https:\/\/buchpark.de\/home\/","name":"Buchpark B2B","description":"Gebrauchte B\u00fccher online kaufen und verkaufen","publisher":{"@id":"https:\/\/buchpark.de\/home\/#organization"},"potentialAction":[{"@type":"SearchAction","target":{"@type":"EntryPoint","urlTemplate":"https:\/\/buchpark.de\/home\/?s={search_term_string}"},"query-input":{"@type":"PropertyValueSpecification","valueRequired":true,"valueName":"search_term_string"}}],"inLanguage":"de"},{"@type":"Organization","@id":"https:\/\/buchpark.de\/home\/#organization","name":"Buchpark GmbH","url":"https:\/\/buchpark.de\/home\/","logo":{"@type":"ImageObject","inLanguage":"de","@id":"https:\/\/buchpark.de\/home\/#\/schema\/logo\/image\/","url":"https:\/\/buchpark.de\/home\/wp-content\/uploads\/2025\/02\/logo.svg","contentUrl":"https:\/\/buchpark.de\/home\/wp-content\/uploads\/2025\/02\/logo.svg","width":1,"height":1,"caption":"Buchpark GmbH"},"image":{"@id":"https:\/\/buchpark.de\/home\/#\/schema\/logo\/image\/"},"sameAs":["https:\/\/www.facebook.com\/p\/Buchpark-100090825957190\/","https:\/\/www.instagram.com\/buchpark.de\/","https:\/\/www.linkedin.com\/company\/buchpark\/"]}]}},"_links":{"self":[{"href":"https:\/\/buchpark.de\/home\/wp-json\/wp\/v2\/pages\/122","targetHints":{"allow":["GET"]}}],"collection":[{"href":"https:\/\/buchpark.de\/home\/wp-json\/wp\/v2\/pages"}],"about":[{"href":"https:\/\/buchpark.de\/home\/wp-json\/wp\/v2\/types\/page"}],"author":[{"embeddable":true,"href":"https:\/\/buchpark.de\/home\/wp-json\/wp\/v2\/users\/2"}],"replies":[{"embeddable":true,"href":"https:\/\/buchpark.de\/home\/wp-json\/wp\/v2\/comments?post=122"}],"version-history":[{"count":61,"href":"https:\/\/buchpark.de\/home\/wp-json\/wp\/v2\/pages\/122\/revisions"}],"predecessor-version":[{"id":892,"href":"https:\/\/buchpark.de\/home\/wp-json\/wp\/v2\/pages\/122\/revisions\/892"}],"wp:attachment":[{"href":"https:\/\/buchpark.de\/home\/wp-json\/wp\/v2\/media?parent=122"}],"curies":[{"name":"wp","href":"https:\/\/api.w.org\/{rel}","templated":true}]}}