{"id":110,"date":"2025-02-06T10:27:29","date_gmt":"2025-02-06T09:27:29","guid":{"rendered":"https:\/\/wp.buchpark.corpex-kunden.de\/?page_id=110"},"modified":"2025-04-02T11:54:43","modified_gmt":"2025-04-02T09:54:43","slug":"ueber-uns","status":"publish","type":"page","link":"https:\/\/buchpark.de\/home\/","title":{"rendered":"Home"},"content":{"rendered":"<section class=\"bde-section-110-100 bde-section\">\n  \n  \n\t\n\n\n\n<div class=\"section-container\"><div class=\"bde-div-110-101 bde-div\">\n  \n  \n\t\n\n\n\n<div class=\"bde-text-110-102 bde-text\">\nOnline Buch&shy;h\u00e4ndler f\u00fcr <span class=\"text-highlight\">Gebraucht&shy;b\u00fccher<\/span>\n<\/div><div class=\"bde-button-110-104 bde-button\">\n    \n                                    \n    \n    \n    \n    \n            \n                    \n            \n            \n\n    \n    \n    \n    \n    \n    <a class=\"breakdance-link button-atom button-atom--custom bde-button__button\" href=\"https:\/\/buchpark.de\/home\/buchankauf\/\" target=\"_self\" data-type=\"url\"  >\n\n    \n        <span class=\"button-atom__text\"><span class=\"disable-mobile\">Gebrauchtes<\/span> Buch verkaufen<\/span>\n\n        \n        \n                <\/a>\n\n    \n\n\n<\/div>\n<\/div><\/div>\n<\/section><section class=\"bde-section-110-133 bde-section\">\n  \n  \n\t\n\n\n\n<div class=\"section-container\"><div class=\"bde-div-110-134 bde-div\">\n  \n  \n\t\n\n\n\n<div class=\"bde-div-110-135 bde-div\">\n  \n  \n\t\n\n\n\n<div class=\"bde-div-110-141 bde-div\">\n  \n  \n\t\n\n\n\n<div class=\"bde-div-110-139 bde-div\">\n  \n  \n\t\n\n\n\n<div class=\"bde-text-110-140 bde-text\">\nDie Recommerce-Idee\n<\/div>\n<\/div><h1 class=\"bde-heading-110-137 bde-heading\">\nAnkauf, Verkauf & Lagerung von Gebraucht&shy;b\u00fcchern\n<\/h1>\n<\/div><div class=\"bde-div-110-144 bde-div\" data-parallax=\"true\">\n  \n  \n\t\n\n\n\n<div class=\"bde-div-110-145 bde-div\">\n  \n  \n\t\n\n\n\n<div class=\"bde-text-110-146 bde-text\">\nDie Recommerce-Idee\n<\/div>\n<\/div><h1 class=\"bde-heading-110-147 bde-heading\">\nAnkauf, Verkauf & Lagerung von Gebraucht&shy;b\u00fcchern\n<\/h1>\n<\/div>\n<\/div><div class=\"bde-div-110-136 bde-div\">\n  \n  \n\t\n\n\n\n<div class=\"bde-text-110-138 bde-text\">\nSeit \u00fcber 30 Jahren handeln wir mit B\u00fcchern. Begonnen hat alles als kleiner Fachbuchhandel in Berlin. Heute sind wir spezialisiert auf den An- und Verkauf gebrauchter B\u00fccher. Noch immer liegt unser Fokus dabei auf den Kategorien: Fachbuch und englischsprachige Literatur. Hinzu kommen B\u00fccher aus allen anderen Genres, wie Belletristik, Biografien oder Kinderb\u00fccher. Unser oberstes Ziel ist dabei die Weiterverwendung von Dingen und die Schonung von Ressourcen.<br><br>Neben dem Ankauf von privaten B\u00fcchern oder Haushaltsaufl\u00f6sungen kaufen wir bundesweit komplette Bibliotheken und Buchbest\u00e4nde von Institutionen auf, um diese nachhaltig ein weiteres Mal auf den Markt zu bringen.<br><br>Parallel dazu bietet Buchpark die M\u00f6glichkeit, gro\u00dfe Mengen einzulagern. Ganze Bibliotheken und umfangreiche Buchbest\u00e4nde werden von uns professionell auf Qualit\u00e4tsmerkmale hin untersucht und sorgf\u00e4ltig f\u00fcr den Onlinehandel aufbereitet.<br><br>Wir schenken B\u00fcchern ein zweites Leben. \n<\/div><div class=\"bde-button-110-142 bde-button\">\n    \n                                    \n    \n    \n    \n    \n            \n                    \n            \n            \n\n    \n    \n    \n    \n    \n    <a class=\"breakdance-link button-atom button-atom--primary bde-button__button\" href=\"https:\/\/buchpark.de\/home\/kontakt\/\" target=\"_self\" data-type=\"url\"  >\n\n    \n        <span class=\"button-atom__text\">Kontakt aufnehmen<\/span>\n\n        \n        \n                <\/a>\n\n    \n\n\n<\/div>\n<\/div>\n<\/div><\/div>\n<\/section><section class=\"bde-section-110-105 bde-section\">\n  \n  \n\t\n\n\n\n<div class=\"section-container\"><div class=\"bde-div-110-106 bde-div\">\n  \n  \n\t\n\n\n\n<div class=\"bde-div-110-107 bde-div\">\n  \n  \n\t\n\n\n\n<h2 class=\"bde-heading-110-109 bde-heading\">\nBuchankauf<br>Gewerblich\n<\/h2><div class=\"bde-text-110-110 bde-text\">\nAnkauf kompletter Bibliotheken und Buchbest\u00e4nde von Institutionen. Ankauf aus Haushaltsaufl\u00f6sungen. Deutschlandweit<br>mit eigener Logistik.\n<\/div><div class=\"bde-button-110-112 bde-button\">\n    \n                                    \n    \n    \n    \n    \n            \n                    \n            \n            \n\n    \n    \n    \n    \n    \n    <a class=\"breakdance-link button-atom button-atom--primary bde-button__button\" href=\"https:\/\/buchpark.de\/home\/buchankauf-bibliotheken\/\" target=\"_self\" data-type=\"url\"  >\n\n    \n        <span class=\"button-atom__text\">Mehr erfahren<\/span>\n\n        \n        \n                <\/a>\n\n    \n\n\n<\/div>\n<\/div><div class=\"bde-div-110-108 bde-div\">\n  \n  \n\t\n\n\n\n<img decoding=\"async\" class=\"bde-image2-110-111 bde-image2\" src=\"https:\/\/buchpark.de\/home\/wp-content\/uploads\/2025\/02\/buchpark-buchankauf-bibliothek.jpg\" alt=\"Eine Hand greift nach einem Buch im Regal\" loading=\"lazy\" srcset=\"https:\/\/buchpark.de\/home\/wp-content\/uploads\/2025\/02\/buchpark-buchankauf-bibliothek.jpg 800w, https:\/\/buchpark.de\/home\/wp-content\/uploads\/2025\/02\/buchpark-buchankauf-bibliothek-200x300.jpg 200w, https:\/\/buchpark.de\/home\/wp-content\/uploads\/2025\/02\/buchpark-buchankauf-bibliothek-683x1024.jpg 683w, https:\/\/buchpark.de\/home\/wp-content\/uploads\/2025\/02\/buchpark-buchankauf-bibliothek-768x1152.jpg 768w\" sizes=\"(max-width: 800px) 100vw, 800px\" data-parallax=\"true\"><div class=\"bde-div-110-113 bde-div\" data-parallax=\"true\">\n  \n  \n\t\n\n\n\n\n<\/div>\n<\/div>\n<\/div><\/div>\n<\/section><section class=\"bde-section-110-123 bde-section\">\n  \n  \n\t\n\n\n\n<div class=\"section-container\"><div class=\"bde-div-110-124 bde-div\">\n  \n  \n\t\n\n\n\n<div class=\"bde-div-110-129 bde-div\">\n  \n  \n\t\n\n\n\n<img decoding=\"async\" class=\"bde-image2-110-130 bde-image2\" src=\"https:\/\/buchpark.de\/home\/wp-content\/uploads\/2025\/02\/buchpark-fulfillment.jpg\" alt=\"Kartons gestapelt auf denen B\u00fccher liegen\" loading=\"lazy\" srcset=\"https:\/\/buchpark.de\/home\/wp-content\/uploads\/2025\/02\/buchpark-fulfillment.jpg 1000w, https:\/\/buchpark.de\/home\/wp-content\/uploads\/2025\/02\/buchpark-fulfillment-229x300.jpg 229w, https:\/\/buchpark.de\/home\/wp-content\/uploads\/2025\/02\/buchpark-fulfillment-783x1024.jpg 783w, https:\/\/buchpark.de\/home\/wp-content\/uploads\/2025\/02\/buchpark-fulfillment-768x1005.jpg 768w\" sizes=\"(max-width: 1000px) 100vw, 1000px\" data-parallax=\"true\"><div class=\"bde-div-110-131 bde-div\">\n  \n  \n\t\n\n\n\n\n<\/div>\n<\/div><div class=\"bde-div-110-125 bde-div\">\n  \n  \n\t\n\n\n\n<div class=\"bde-div-110-132 bde-div\">\n  \n  \n\t\n\n\n\n<h2 class=\"bde-heading-110-126 bde-heading\">\nFulfillment\n<\/h2><div class=\"bde-text-110-127 bde-text\">\nProfessionelle Einlagerung von umfangreichen Buchbest\u00e4nden. Lagerplatz f\u00fcr kleine Buchh\u00e4ndler ohne eigene Lagerm\u00f6glichkeiten.\n<\/div><div class=\"bde-button-110-143 bde-button\">\n    \n                                    \n    \n    \n    \n    \n            \n                    \n            \n            \n\n    \n    \n    \n    \n    \n    <a class=\"breakdance-link button-atom button-atom--custom bde-button__button\" href=\"https:\/\/buchpark.de\/home\/fulfillment\/\" target=\"_self\" data-type=\"url\"  >\n\n    \n        <span class=\"button-atom__text\">Mehr erfahren<\/span>\n\n        \n        \n                <\/a>\n\n    \n\n\n<\/div>\n<\/div>\n<\/div>\n<\/div><\/div>\n<\/section><section class=\"bde-section-110-114 bde-section\">\n  \n  \n\t\n\n\n\n<div class=\"section-container\"><div class=\"bde-div-110-115 bde-div\">\n  \n  \n\t\n\n\n\n<div class=\"bde-div-110-116 bde-div\">\n  \n  \n\t\n\n\n\n<h2 class=\"bde-heading-110-117 bde-heading\">\nBuchankauf<br>Privat\n<\/h2><div class=\"bde-text-110-118 bde-text\">\nPlatz schaffen im B\u00fccherregal und gleichzeitig die Umwelt schonen! Berechnen Sie den Gebrauchtbuchpreis und versenden Sie versandkostenfrei an uns\n<\/div><div class=\"bde-button-110-119 bde-button\">\n    \n                                    \n    \n    \n    \n    \n            \n                    \n            \n            \n\n    \n    \n    \n    \n    \n    <a class=\"breakdance-link button-atom button-atom--primary bde-button__button\" href=\"https:\/\/buchpark.de\/home\/buchankauf-privat\/\" target=\"_self\" data-type=\"url\"  >\n\n    \n        <span class=\"button-atom__text\">Mehr erfahren<\/span>\n\n        \n        \n                <\/a>\n\n    \n\n\n<\/div>\n<\/div><div class=\"bde-div-110-120 bde-div\">\n  \n  \n\t\n\n\n\n<img decoding=\"async\" class=\"bde-image2-110-121 bde-image2\" src=\"https:\/\/buchpark.de\/home\/wp-content\/uploads\/2025\/02\/buchpark-buchankauf-privat.jpg\" alt=\"Laptop auf dem Tisch, davor ein Buch liegend\" loading=\"lazy\" srcset=\"https:\/\/buchpark.de\/home\/wp-content\/uploads\/2025\/02\/buchpark-buchankauf-privat.jpg 1000w, https:\/\/buchpark.de\/home\/wp-content\/uploads\/2025\/02\/buchpark-buchankauf-privat-206x300.jpg 206w, https:\/\/buchpark.de\/home\/wp-content\/uploads\/2025\/02\/buchpark-buchankauf-privat-703x1024.jpg 703w, https:\/\/buchpark.de\/home\/wp-content\/uploads\/2025\/02\/buchpark-buchankauf-privat-768x1118.jpg 768w\" sizes=\"(max-width: 1000px) 100vw, 1000px\" data-parallax=\"true\"><div class=\"bde-div-110-122 bde-div\" data-parallax=\"true\">\n  \n  \n\t\n\n\n\n\n<\/div>\n<\/div>\n<\/div><\/div>\n<\/section>","protected":false},"excerpt":{"rendered":"<p>Online Buch&shy;h\u00e4ndler f\u00fcr Gebraucht&shy;b\u00fccher Gebrauchtes Buch verkaufen Die Recommerce-Idee Ankauf, Verkauf &#038; Lagerung von Gebraucht&shy;b\u00fcchern Die Recommerce-Idee Ankauf, Verkauf &#038; Lagerung von Gebraucht&shy;b\u00fcchern Seit \u00fcber 30 Jahren handeln wir mit B\u00fcchern. Begonnen hat alles als kleiner Fachbuchhandel in Berlin. Heute sind wir spezialisiert auf den An- und Verkauf gebrauchter B\u00fccher. Noch immer liegt unser Fokus [&hellip;]<\/p>\n","protected":false},"author":2,"featured_media":0,"parent":0,"menu_order":0,"comment_status":"closed","ping_status":"closed","template":"","meta":{"_breakdance_hide_in_design_set":false,"_breakdance_tags":"","iawp_total_views":8306,"footnotes":""},"class_list":["post-110","page","type-page","status-publish","hentry"],"yoast_head":"<!-- This site is optimized with the Yoast SEO plugin v25.0 - https:\/\/yoast.com\/wordpress\/plugins\/seo\/ -->\n<title>Buchpark B2B - gebrauchte B\u00fccher online verkaufen<\/title>\n<meta name=\"description\" content=\"buchpark.de kauft bundesweit komplette Bibliotheken und Buchbest\u00e4nde von Institutionen und Privatpersonen auf.\" \/>\n<meta name=\"robots\" content=\"index, follow, max-snippet:-1, max-image-preview:large, max-video-preview:-1\" \/>\n<link rel=\"canonical\" href=\"https:\/\/buchpark.de\/home\/\" \/>\n<meta property=\"og:locale\" content=\"de_DE\" \/>\n<meta property=\"og:type\" content=\"article\" \/>\n<meta property=\"og:title\" content=\"Buchpark B2B - gebrauchte B\u00fccher online verkaufen\" \/>\n<meta property=\"og:description\" content=\"buchpark.de kauft bundesweit komplette Bibliotheken und Buchbest\u00e4nde von Institutionen und Privatpersonen auf.\" \/>\n<meta property=\"og:url\" content=\"https:\/\/buchpark.de\/home\/\" \/>\n<meta property=\"og:site_name\" content=\"Buchpark B2B\" \/>\n<meta property=\"article:publisher\" content=\"https:\/\/www.facebook.com\/p\/Buchpark-100090825957190\/\" \/>\n<meta property=\"article:modified_time\" content=\"2025-04-02T09:54:43+00:00\" \/>\n<meta name=\"twitter:card\" content=\"summary_large_image\" \/>\n<meta name=\"twitter:label1\" content=\"Gesch\u00e4tzte Lesezeit\" \/>\n\t<meta name=\"twitter:data1\" content=\"2\u00a0Minuten\" \/>\n<script type=\"application\/ld+json\" class=\"yoast-schema-graph\">{\"@context\":\"https:\/\/schema.org\",\"@graph\":[{\"@type\":\"WebPage\",\"@id\":\"https:\/\/buchpark.de\/home\/\",\"url\":\"https:\/\/buchpark.de\/home\/\",\"name\":\"Buchpark B2B - gebrauchte B\u00fccher online verkaufen\",\"isPartOf\":{\"@id\":\"https:\/\/buchpark.de\/home\/#website\"},\"datePublished\":\"2025-02-06T09:27:29+00:00\",\"dateModified\":\"2025-04-02T09:54:43+00:00\",\"description\":\"buchpark.de kauft bundesweit komplette Bibliotheken und Buchbest\u00e4nde von Institutionen und Privatpersonen auf.\",\"breadcrumb\":{\"@id\":\"https:\/\/buchpark.de\/home\/#breadcrumb\"},\"inLanguage\":\"de\",\"potentialAction\":[{\"@type\":\"ReadAction\",\"target\":[\"https:\/\/buchpark.de\/home\/\"]}]},{\"@type\":\"BreadcrumbList\",\"@id\":\"https:\/\/buchpark.de\/home\/#breadcrumb\",\"itemListElement\":[{\"@type\":\"ListItem\",\"position\":1,\"name\":\"Startseite\",\"item\":\"https:\/\/buchpark.de\/home\/\"},{\"@type\":\"ListItem\",\"position\":2,\"name\":\"Home\"}]},{\"@type\":\"WebSite\",\"@id\":\"https:\/\/buchpark.de\/home\/#website\",\"url\":\"https:\/\/buchpark.de\/home\/\",\"name\":\"Buchpark B2B\",\"description\":\"Gebrauchte B\u00fccher online kaufen und verkaufen\",\"publisher\":{\"@id\":\"https:\/\/buchpark.de\/home\/#organization\"},\"potentialAction\":[{\"@type\":\"SearchAction\",\"target\":{\"@type\":\"EntryPoint\",\"urlTemplate\":\"https:\/\/buchpark.de\/home\/?s={search_term_string}\"},\"query-input\":{\"@type\":\"PropertyValueSpecification\",\"valueRequired\":true,\"valueName\":\"search_term_string\"}}],\"inLanguage\":\"de\"},{\"@type\":\"Organization\",\"@id\":\"https:\/\/buchpark.de\/home\/#organization\",\"name\":\"Buchpark GmbH\",\"url\":\"https:\/\/buchpark.de\/home\/\",\"logo\":{\"@type\":\"ImageObject\",\"inLanguage\":\"de\",\"@id\":\"https:\/\/buchpark.de\/home\/#\/schema\/logo\/image\/\",\"url\":\"https:\/\/buchpark.de\/home\/wp-content\/uploads\/2025\/02\/logo.svg\",\"contentUrl\":\"https:\/\/buchpark.de\/home\/wp-content\/uploads\/2025\/02\/logo.svg\",\"width\":1,\"height\":1,\"caption\":\"Buchpark GmbH\"},\"image\":{\"@id\":\"https:\/\/buchpark.de\/home\/#\/schema\/logo\/image\/\"},\"sameAs\":[\"https:\/\/www.facebook.com\/p\/Buchpark-100090825957190\/\",\"https:\/\/www.instagram.com\/buchpark.de\/\",\"https:\/\/www.linkedin.com\/company\/buchpark\/\"]}]}<\/script>\n<!-- \/ Yoast SEO plugin. -->","yoast_head_json":{"title":"Buchpark B2B - gebrauchte B\u00fccher online verkaufen","description":"buchpark.de kauft bundesweit komplette Bibliotheken und Buchbest\u00e4nde von Institutionen und Privatpersonen auf.","robots":{"index":"index","follow":"follow","max-snippet":"max-snippet:-1","max-image-preview":"max-image-preview:large","max-video-preview":"max-video-preview:-1"},"canonical":"https:\/\/buchpark.de\/home\/","og_locale":"de_DE","og_type":"article","og_title":"Buchpark B2B - gebrauchte B\u00fccher online verkaufen","og_description":"buchpark.de kauft bundesweit komplette Bibliotheken und Buchbest\u00e4nde von Institutionen und Privatpersonen auf.","og_url":"https:\/\/buchpark.de\/home\/","og_site_name":"Buchpark B2B","article_publisher":"https:\/\/www.facebook.com\/p\/Buchpark-100090825957190\/","article_modified_time":"2025-04-02T09:54:43+00:00","twitter_card":"summary_large_image","twitter_misc":{"Gesch\u00e4tzte Lesezeit":"2\u00a0Minuten"},"schema":{"@context":"https:\/\/schema.org","@graph":[{"@type":"WebPage","@id":"https:\/\/buchpark.de\/home\/","url":"https:\/\/buchpark.de\/home\/","name":"Buchpark B2B - gebrauchte B\u00fccher online verkaufen","isPartOf":{"@id":"https:\/\/buchpark.de\/home\/#website"},"datePublished":"2025-02-06T09:27:29+00:00","dateModified":"2025-04-02T09:54:43+00:00","description":"buchpark.de kauft bundesweit komplette Bibliotheken und Buchbest\u00e4nde von Institutionen und Privatpersonen auf.","breadcrumb":{"@id":"https:\/\/buchpark.de\/home\/#breadcrumb"},"inLanguage":"de","potentialAction":[{"@type":"ReadAction","target":["https:\/\/buchpark.de\/home\/"]}]},{"@type":"BreadcrumbList","@id":"https:\/\/buchpark.de\/home\/#breadcrumb","itemListElement":[{"@type":"ListItem","position":1,"name":"Startseite","item":"https:\/\/buchpark.de\/home\/"},{"@type":"ListItem","position":2,"name":"Home"}]},{"@type":"WebSite","@id":"https:\/\/buchpark.de\/home\/#website","url":"https:\/\/buchpark.de\/home\/","name":"Buchpark B2B","description":"Gebrauchte B\u00fccher online kaufen und verkaufen","publisher":{"@id":"https:\/\/buchpark.de\/home\/#organization"},"potentialAction":[{"@type":"SearchAction","target":{"@type":"EntryPoint","urlTemplate":"https:\/\/buchpark.de\/home\/?s={search_term_string}"},"query-input":{"@type":"PropertyValueSpecification","valueRequired":true,"valueName":"search_term_string"}}],"inLanguage":"de"},{"@type":"Organization","@id":"https:\/\/buchpark.de\/home\/#organization","name":"Buchpark GmbH","url":"https:\/\/buchpark.de\/home\/","logo":{"@type":"ImageObject","inLanguage":"de","@id":"https:\/\/buchpark.de\/home\/#\/schema\/logo\/image\/","url":"https:\/\/buchpark.de\/home\/wp-content\/uploads\/2025\/02\/logo.svg","contentUrl":"https:\/\/buchpark.de\/home\/wp-content\/uploads\/2025\/02\/logo.svg","width":1,"height":1,"caption":"Buchpark GmbH"},"image":{"@id":"https:\/\/buchpark.de\/home\/#\/schema\/logo\/image\/"},"sameAs":["https:\/\/www.facebook.com\/p\/Buchpark-100090825957190\/","https:\/\/www.instagram.com\/buchpark.de\/","https:\/\/www.linkedin.com\/company\/buchpark\/"]}]}},"_links":{"self":[{"href":"https:\/\/buchpark.de\/home\/wp-json\/wp\/v2\/pages\/110","targetHints":{"allow":["GET"]}}],"collection":[{"href":"https:\/\/buchpark.de\/home\/wp-json\/wp\/v2\/pages"}],"about":[{"href":"https:\/\/buchpark.de\/home\/wp-json\/wp\/v2\/types\/page"}],"author":[{"embeddable":true,"href":"https:\/\/buchpark.de\/home\/wp-json\/wp\/v2\/users\/2"}],"replies":[{"embeddable":true,"href":"https:\/\/buchpark.de\/home\/wp-json\/wp\/v2\/comments?post=110"}],"version-history":[{"count":85,"href":"https:\/\/buchpark.de\/home\/wp-json\/wp\/v2\/pages\/110\/revisions"}],"predecessor-version":[{"id":653,"href":"https:\/\/buchpark.de\/home\/wp-json\/wp\/v2\/pages\/110\/revisions\/653"}],"wp:attachment":[{"href":"https:\/\/buchpark.de\/home\/wp-json\/wp\/v2\/media?parent=110"}],"curies":[{"name":"wp","href":"https:\/\/api.w.org\/{rel}","templated":true}]}}